{"id":1955,"date":"2024-07-20T11:29:55","date_gmt":"2024-07-20T09:29:55","guid":{"rendered":"http:\/\/mareabeachmobility.com\/?page_id=1955"},"modified":"2024-07-20T11:34:54","modified_gmt":"2024-07-20T09:34:54","slug":"condiciones-alquiler","status":"publish","type":"page","link":"https:\/\/mareabeachmobility.com\/en\/condiciones-alquiler\/","title":{"rendered":"Condiciones Alquiler"},"content":{"rendered":"<div data-elementor-type=\"wp-page\" data-elementor-id=\"1955\" class=\"elementor elementor-1955\" data-elementor-post-type=\"page\">\n\t\t\t\t<div class=\"elementor-element elementor-element-8888a12 e-flex e-con-boxed e-con e-parent\" data-id=\"8888a12\" data-element_type=\"container\" data-e-type=\"container\">\n\t\t\t\t\t<div class=\"e-con-inner\">\n\t\t\t\t<div class=\"elementor-element elementor-element-1664c00 elementor-widget elementor-widget-heading\" data-id=\"1664c00\" data-element_type=\"widget\" data-e-type=\"widget\" data-widget_type=\"heading.default\">\n\t\t\t\t<div class=\"elementor-widget-container\">\n\t\t\t\t\t<h2 class=\"elementor-heading-title elementor-size-default\">Terms and Conditions of Rental<\/h2>\t\t\t\t<\/div>\n\t\t\t\t<\/div>\n\t\t\t\t<div class=\"elementor-element elementor-element-e0daa45 elementor-widget elementor-widget-text-editor\" data-id=\"e0daa45\" data-element_type=\"widget\" data-e-type=\"widget\" data-widget_type=\"text-editor.default\">\n\t\t\t\t<div class=\"elementor-widget-container\">\n\t\t\t\t\t\t\t\t\t<p>In the Bikes Reggi do transparency is one of our most cherished values, for this reason we recommend that you read carefully the terms and conditions of Reggi in order to avoid possible misunderstandings.<\/p>\t\t\t\t\t\t\t\t<\/div>\n\t\t\t\t<\/div>\n\t\t\t\t<div class=\"elementor-element elementor-element-2bb7c02 elementor-widget elementor-widget-text-editor\" data-id=\"2bb7c02\" data-element_type=\"widget\" data-e-type=\"widget\" data-widget_type=\"text-editor.default\">\n\t\t\t\t<div class=\"elementor-widget-container\">\n\t\t\t\t\t\t\t\t\t<p><b>Terms and Conditions of the contract on the rental of a MotoReggi.<\/b><\/p><p>The recruitment of the rental of a scooter, the\/drivers\/is recognized as\/n you have read and accepted the terms and conditions detailed in this paper.<\/p><p>Through recruitment, the drivers are committed to uphold at all times the traffic regulations in force and take responsibility for the few sanctions could arise from the use, misuse or non-compliance with legislation and during the term of this contract.<\/p><p>Are NOT included, the own damage generated by the driving reckless and\/or negligent, as well as driving under the influence of Alcohol or Drugs. Any of the reasons set out herein, exempts the company from any and all liability for damages incurred with our scooter.<\/p><p>The terms of the rental contract, and may only be modified by express agreement, in writing and signed by both parties. The company reserves the right to cancel bookings based on the criteria prior notification to the customer as well as the right of admission.<br \/>In case of any violation of the conditions outlined in this agreement, Motorcycles Reggi may terminate this agreement at any time to demand the immediate return of the vehicle at our premises in Ciutadella and does not proceed to any refund of the amount paid.<\/p><p><span class=\"zn-fontweight\"><strong>ARTICLE 1 \u2013 REQUIREMENTS FOR THE RENT<\/strong><\/span><br \/>Experience minimum 3 years of driving, as well as experience in the management of the same. If at the time of delivery, the operator of Reggi perceived that the client will not know to ride the bike, do not proceed with the delivery of the same and will not return the payment made.<\/p><p>\u00b7 Be 21 years of age<br \/>\u00b7 Passport or ID.<br \/>\u00b7 Driving license original and in force.<br \/>or 125cc (A1 or B with 3 years of seniority)<br \/>or permit to drive out of the EU without an agreement with Spain, it will be necessary to present the International Driving License in addition to the original. (Check with your embassy before you book).<br \/>\u00b7 Reservation Voucher<br \/>\u00b7 Minimum three years &#039; experience.<\/p><p>We will not accept photos, photocopies, or complaints and\/or any other document that is not in the driver&#039;s original. In the event that the Customer does not meet the above conditions will not proceed to deliver the vehicle or to return the amount paid.<\/p><p><span class=\"zn-fontweight\"><strong>ARTICLE 2 \u2013 PICK-UP AND RETURN OF VEHICLE<\/strong><\/span><br \/>The Customer receives the vehicle in perfect working condition and with accessories (keys, helmets and original documentation). You should check together with the person in charge of handing over the bike; recognizing stay informed of the type of fuel that the vehicle&#039;s accurate; and promising to return the vehicle in the same conditions in which you received, the customer has one hour after the date of hire to detect any abnormalities of the bike.<\/p><p>The Customer undertakes to return the vehicle to Bikes Reggi in the date and time and at the place agreed in the rental contract, and may vary as long as the new location gavest not thou of 10 kilometers or more and the customer to notify you with a minimum of 24 hours in advance.<\/p><p>If for reasons beyond our Company, the Customer does not collect the vehicle at the time provided in the booking or hiring we will not extend the contract, or pay the hours or days not consumed.<\/p><p>The delivery of the vehicle will be made at the time required by the Customer in the booking form. In the event that the Customer wants to pick up before the reserved time, you will need to pay the corresponding amount.<\/p><p>Reserving the company to refuse to forward the booking, if you do not have availability. The time of return previously requested by the Client must be respected WITHOUT EXCEPTION. In case of not returning the bike to the agreed hour, Motorcycles Reggi will grant 30 minutes of courtesy. After this time, the Customer will be charged an extra day. Only terminates the contract when the Customer is present at the meeting point agreed upon, where you must return the vehicle and their corresponding keys,<br \/>helmets and documentation.<\/p><p><span class=\"zn-fontweight\"><strong>ARTICLE 3 \u2013 REQUIREMENTS FINANCIAL<\/strong><\/span><br \/>In addition to the price of the reservation, if estimated by the operator who will carry out the contract, the rental of a bike will require a\u00a0<u>deposit<\/u>\u00a0or bail. All of our rentals include basic insurance to third parties, without charge to the rent.<\/p><p>Deposits paid are:<\/p><p>\u00b7\u00a0Kymco Agility city 125 - 150\u20ac<br \/>\u00b7\u00a0Symphony SR 125 - 150\u20ac<\/p><p>In any case the deposit will be useful to an extension of rental. The payment of the deposit must be made by credit\/debit card or cash and will be returned the same way to the paid (In the case of which it has been paid for by credit card and the rental period greater than 28 days may not be returned by crediting the card. The expenses of the bank wire transfer for your return to be borne by the Customer.) This amount does not cover the total of the alleged damages, assuming that the damage to the vehicle exceeds the amount of the bond shall be paid by the Customer. When the Customer returns the vehicle along with the keys and the Company terminated the agreement, it shall return the deposit.<\/p><p><span class=\"zn-fontweight\"><strong>ARTICLE 4 \u2013 THE INCIDENTS AND THEFT\u00a0<\/strong><\/span><\/p><p>In case of accident or theft, the customer has the obligation to contact the Police and make the relevant allegation of the theft within 24 hours after the incident. Likewise, you must notify the subtraction to Bikes Reggi via phone at 680 91 68 54 and submit a copy of the complaint to info@motosreggi.com.<\/p><p>In the event of an accident with another vehicle, the Customer shall submit to Bikes Reggi within 48 hours after the incident, the friendly party, completed by the two parties or the attestation of the Civil Guard.<\/p><p>In the case of\u00a0<strong>total loss<\/strong>\u00a0of the vehicle,\u00a0<strong>being the driver responsible<\/strong>\u00a0whatever the reason of the accident, the company reserves the right to bill\/charge the customer a minimum, 80% of the market value of the motorcycle at the time of loss because they are vehicles, pre-owned, and so it notifies by these terms.<\/p><p>In case of theft, you must submit the complaint, and the keys of the vehicle.<\/p><p>In the event that, for a defect, the vehicle suffers a breakdown and not an accident, Motorcycles Reggi he will be replaced by the vehicle as soon as possible, we have road service 24hrs. In case that is not possible, a replacement of the vehicle, Bikes Reggi will refund the amount corresponding to the days not enjoyed the contracted rate and get you closer to your place of lodging.<\/p><p>The Client acknowledges and agrees expressly set forth in the preceding paragraph, and waive any compensation where appropriate.<\/p><p>The Driver\/Customer is responsible of the vehicle and the damage caused during the rental, unless the Lessor to obtain the acceptance of the responsibility in whole or part by a third party.<\/p><p>In the event of an accident is not there to replace the vehicle, remaining completion of the contract and not return the money for the remaining days of the rental.<\/p><p>The damage which the customer may generate will be subject to valuation of the company and subsequent budget by the Landlord. This implies that you can not return the damage deposit until it is certified with a provisional budget of the value of the repair.<\/p><p><span class=\"zn-fontweight\"><strong>ARTICLE 5 \u2013 FUEL<\/strong><\/span><br \/>Rate Full \u2013 Empty: Bikes Reggi will deliver the bike to the Driver with a full tank. The Customer must return the bike as it deems to be aware that you will not be reimbursed any amount in respect of fuel.<\/p><p>Rate of FUEL according to the model:<br \/>\u00b7\u00a0125cc - Combustible: 15\u20ac<\/p><p>All of our bikes use gasoline 95 unleaded. If there is any error in the filling and as a result the bike suffered some damage, the repair shall be borne entirely by the Customer.<\/p><p><span class=\"zn-fontweight\"><strong>ARTICLE 6 \u2013 MAINTENANCE<\/strong><\/span><br \/>The Client is unable to repair the vehicle without prior written authorization by the company. The maintenance and lubrication of the vehicle are included in our rates. (Not including flat tires and\/or tire changes arising from misuse of the vehicle.)<\/p><p>The mechanical wear due to use of reasonable and normal of the vehicle is assumed by Bikes Reggi. The Customer is obliged to stop the Vehicle when it detects any abnormality in operation of the Vehicle. The Customer should contact Bikes Reggi 680 91 68 54 or 615 94 09 70. In case of damages to the vehicle, as well as their accessories and add-ons, and\/or theft of the same, shall be made on the appropriate charge to the Customer for the following items and amounts:<\/p><p><span class=\"zn-fontweight\"><strong>Seat:<\/strong><\/span>\u00a0165.95\u20ac<br \/><span class=\"zn-fontweight\"><strong>Plate, rear (Drive):<\/strong>\u00a080\u20ac<\/span><br \/><strong>T<\/strong><span class=\"zn-fontweight\"><strong>apa Baulete:<\/strong><\/span>\u00a080\u20ac<br \/><span class=\"zn-fontweight\"><strong>Baulete:<\/strong>\u00a075\u20ac<\/span><br \/><span class=\"zn-fontweight\"><strong>Exhaust:<\/strong>\u00a0275.51\u20ac<\/span><br \/><span class=\"zn-fontweight\"><strong>Embellishment side-exhaust:<\/strong>\u00a080\u20ac<\/span><br \/><span class=\"zn-fontweight\"><strong>Trim tail exhaust:<\/strong>\u00a050\u20ac<\/span><br \/><span class=\"zn-fontweight\"><strong>Intermittent front (Drive):<\/strong>\u00a050\u20ac<\/span><br \/><span class=\"zn-fontweight\"><strong>Rear light in full:<\/strong>\u00a0100\u20ac<\/span><br \/><span class=\"zn-fontweight\"><strong>Plastic rear light:<\/strong>\u00a045\u20ac<\/span><br \/><span class=\"zn-fontweight\"><strong>Beacon:<\/strong>\u00a0100\u20ac<\/span><br \/><span class=\"zn-fontweight\"><strong>Mirrors (Unit):<\/strong>\u00a040\u20ac<\/span><br \/><span class=\"zn-fontweight\"><strong>Cap Handlebar:<\/strong>\u00a010\u20ac<\/span><br \/><span class=\"zn-fontweight\"><strong>Handle:<\/strong>\u00a025\u20ac<\/span><br \/><span class=\"zn-fontweight\"><strong>Headlight Front:<\/strong>\u00a050\u20ac<\/span><br \/><span class=\"zn-fontweight\"><strong>Inferior Frontal white:<\/strong>\u00a070\u20ac<\/span><br \/><span class=\"zn-fontweight\"><strong>Keels (Unit):<\/strong>\u00a030\u20ac<\/span><br \/><span class=\"zn-fontweight\"><strong>Footrest:<\/strong>\u00a050\u20ac<\/span><br \/><span class=\"zn-fontweight\"><strong>Front fender:<\/strong>\u00a050\u20ac<\/span><br \/><span class=\"zn-fontweight\"><strong>Bar front suspension:<\/strong>\u00a0145.60\u20ac<\/span><br \/><span class=\"zn-fontweight\"><strong>Support phone:<\/strong>\u00a040\u20ac<\/span><br \/><span class=\"zn-fontweight\"><strong>Hull:<\/strong>\u00a090\u20ac<\/span><br \/><span class=\"zn-fontweight\"><strong>Wrench Motorcycle:<\/strong>\u00a050\u20ac<\/span><br \/><span class=\"zn-fontweight\"><strong>Key Baulete:<\/strong>\u00a050\u20ac<\/span><br \/><span class=\"zn-fontweight\"><strong>Documentation:<\/strong>\u00a0250\u20ac<\/span><\/p><p><span class=\"zn-fontweight\"><strong>ARTICLE 7 \u2013 ROADSIDE ASSISTANCE<\/strong><\/span><br \/>The Service of roadside Assistance is included in the rate if the damage is to own the bike, in the event of an accident, negligent or stoppage of the vehicle by the part of the authorities, the cost of attendance is $ 100 in the case of the bikes. It is strictly prohibited the parking of the vehicle on roads, trails and areas where the vehicle might suffer damage or hamper the circulation.<\/p><p><span class=\"zn-fontweight\"><strong>ARTICLE 8 \u2013 RULES FOR THE USE OF THE BIKES<\/strong><\/span><br \/>The Customer undertakes to use and drive the vehicle in accordance with the basic rules of driving, circulation, and according to the specifications of use of the vehicle and with the greatest possible care, in the Bikes Reggi we take care of our fleet. When you park the bike, you have to put the easel. In any case, park the bike in a manner that does not guarantee stability.<\/p><p>The Customer is strictly forbidden from taking of Minorca the rental vehicle Bikes Reggi. You are only authorized to drive the vehicle to the person or persons identified and accepted by Bikes Reggi in the rental contract, provided they have a minimum experience of 3 years and they own and are in possession of a driving licence, valid and in force.<\/p><p>The Customer agrees to park the vehicle in a safe place and properly parked when not in use. Customer shall not assign, rent, mortgage, pledge, sell, or give as a warranty on the vehicle. You are prohibited to vary any technical characteristic of the vehicle, or make any kind of modification of its exterior and\/or interior (unless authorized in writing by Motorcycle Reggi).<\/p><p>You are not allowed to transport the vehicle&#039;s onboard any type of vessel, truck or means of transport (except express written permission of the Landlord). In the case of a Fine, the Customer is liable and shall pay the same as soon as possible. If it were the case that the Customer will result in forfeiture of the vehicle, the charge for collecting the same in the municipal compound will be indicated in the invoice issued by the local administration.<\/p><p>Is non-refundable amount in case of return of the vehicle prior to the expiry date of the contract.<\/p><p><span class=\"zn-fontweight\"><strong>ARTICLE 9 \u2013CANCELLATION AND REFUND OF THE CONTRACT.<\/strong><\/span><br \/>In the event that the Client wishes to cancel the reservation, you must communicate with Bikes Reggi, we know that each case deserves our attention.<\/p><p>Rules and policies cancellation: For a full refund of the booking, the client must give a minimum of 5 days prior to the date and time of delivery of the motorcycle. In the case of be found within the deadline, we will proceed to refund full or proportional to the money previously paid by the Customer. The refund, if applicable, will be done in the same way that has been paid by the booking. In the event that the cancellation is made 4 or 3 days in advance, will not be refunded 100% of the amount to the following details:<\/p><p>5 Days \u2013 100%<br \/>4 Days \u2013 80%<br \/>3 Days \u2013 60%<br \/>2 Days \u2013 0%<br \/>1 Day \u2013 0%<\/p><p><span class=\"zn-fontweight\"><strong>ARTICLE 10 \u2013 EXCLUSION OF LIABILITY<\/strong><\/span><br \/>Bikes Reggi not be held responsible for rentals rejected by the lack of documentation and\/or requirements necessary for conduction. Of the impossibility of giving the Service or allow access for any reason beyond Bikes Reggi.<\/p><p><span class=\"zn-fontweight\"><strong>ART\u00cdCULO 11 - RECLAMACIONES<\/strong><\/span><strong><br \/><\/strong>En caso de que el usuario desee presentar alguna reclamaci\u00f3n a Reggicenta SC, podr\u00e1 remitir una carta a\u00a0nuestra sede central en Calle d'Osca, 5 Baixos. CP 07760 Ciudadela de Menorca, Islas Baleares,\u00a0Espa\u00f1a o solicitar nuestro libro de reclamaciones.<\/p><p><span class=\"zn-fontweight\"><strong>ARTICLE 12 \u2013 APPLICABLE LAW AND JURISDICTION<\/strong><\/span><br \/>The present General Conditions are governed by the Spanish Legislation, which will be applicable in anything not stated in the same in terms of interpretation, validity and execution. The parties expressly submit to the courts and tribunals of Ciutadella de Menorca to settle any dispute that may arise in the interpretation and\/or execution of these General Conditions of Recruitment.<\/p><p><span class=\"zn-fontweight\"><strong>ART\u00cdCULO 13\u00a0- CONDICIONES PROTECCI\u00d3N DE DATOS<\/strong><\/span><strong><br \/><\/strong>Mediante la firma y \/o suscripci\u00f3n con Reggicenta SC el cliente acepta las condiciones generales descritas en\u00a0el presente escrito y acepta haber sido informado de que los datos personales que nos faciliten, ser\u00e1n\u00a0incorporados al fichero \u201cClientes\u201d de nuestra empresa, debidamente inscrito en el registro General de la\u00a0Agencia Espa\u00f1ola de Protecci\u00f3n de Datos, que cumple con las medidas de seguridad estipuladas en el RD\u00a01720\/2007 de 21 de Diciembre, y cuya finalidad es la gesti\u00f3n de los clientes de la empresa, elaboraci\u00f3n de\u00a0su facturaci\u00f3n y env\u00edo de informaci\u00f3n comercial de nuestros productos y servicios. Podr\u00e1 ejercitar en todo\u00a0momento los derechos de C\u00e1racter personal y su normativa de desarrollo en nuestra direcci\u00f3n: Carrer d\u2019Osca, 5. 07760 - Ciutadella de Menorca (Illes Balears).<\/p>\t\t\t\t\t\t\t\t<\/div>\n\t\t\t\t<\/div>\n\t\t\t\t\t<\/div>\n\t\t\t\t<\/div>\n\t\t\t\t<\/div>","protected":false},"excerpt":{"rendered":"<p>T\u00e9rminos y Condiciones de Contrataci\u00f3n En Motos Reggi hacemos de la transparencia uno de nuestros valores m\u00e1s preciados, por ello te recomendamos que leas con atenci\u00f3n los t\u00e9rminos y condiciones de Reggi para evitar posibles malos entendidos. T\u00e9rminos y Condiciones de contrataci\u00f3n sobre el alquiler de una MotoReggi. A la contrataci\u00f3n del alquiler de un [&hellip;]<\/p>\n","protected":false},"author":3,"featured_media":0,"parent":0,"menu_order":0,"comment_status":"closed","ping_status":"closed","template":"","meta":{"site-sidebar-layout":"no-sidebar","site-content-layout":"page-builder","ast-site-content-layout":"full-width-container","site-content-style":"default","site-sidebar-style":"default","ast-global-header-display":"","ast-banner-title-visibility":"","ast-main-header-display":"","ast-hfb-above-header-display":"","ast-hfb-below-header-display":"","ast-hfb-mobile-header-display":"","site-post-title":"disabled","ast-breadcrumbs-content":"","ast-featured-img":"disabled","footer-sml-layout":"","theme-transparent-header-meta":"","adv-header-id-meta":"","stick-header-meta":"","header-above-stick-meta":"","header-main-stick-meta":"","header-below-stick-meta":"","astra-migrate-meta-layouts":"set","ast-page-background-enabled":"default","ast-page-background-meta":{"desktop":{"background-color":"","background-image":"","background-repeat":"repeat","background-position":"center center","background-size":"auto","background-attachment":"scroll","background-type":"","background-media":"","overlay-type":"","overlay-color":"","overlay-opacity":"","overlay-gradient":""},"tablet":{"background-color":"","background-image":"","background-repeat":"repeat","background-position":"center center","background-size":"auto","background-attachment":"scroll","background-type":"","background-media":"","overlay-type":"","overlay-color":"","overlay-opacity":"","overlay-gradient":""},"mobile":{"background-color":"","background-image":"","background-repeat":"repeat","background-position":"center center","background-size":"auto","background-attachment":"scroll","background-type":"","background-media":"","overlay-type":"","overlay-color":"","overlay-opacity":"","overlay-gradient":""}},"ast-content-background-meta":{"desktop":{"background-color":"var(--ast-global-color-5)","background-image":"","background-repeat":"repeat","background-position":"center center","background-size":"auto","background-attachment":"scroll","background-type":"","background-media":"","overlay-type":"","overlay-color":"","overlay-opacity":"","overlay-gradient":""},"tablet":{"background-color":"var(--ast-global-color-5)","background-image":"","background-repeat":"repeat","background-position":"center center","background-size":"auto","background-attachment":"scroll","background-type":"","background-media":"","overlay-type":"","overlay-color":"","overlay-opacity":"","overlay-gradient":""},"mobile":{"background-color":"var(--ast-global-color-5)","background-image":"","background-repeat":"repeat","background-position":"center center","background-size":"auto","background-attachment":"scroll","background-type":"","background-media":"","overlay-type":"","overlay-color":"","overlay-opacity":"","overlay-gradient":""}},"_joinchat":[],"footnotes":""},"class_list":["post-1955","page","type-page","status-publish","hentry"],"_links":{"self":[{"href":"https:\/\/mareabeachmobility.com\/en\/wp-json\/wp\/v2\/pages\/1955","targetHints":{"allow":["GET"]}}],"collection":[{"href":"https:\/\/mareabeachmobility.com\/en\/wp-json\/wp\/v2\/pages"}],"about":[{"href":"https:\/\/mareabeachmobility.com\/en\/wp-json\/wp\/v2\/types\/page"}],"author":[{"embeddable":true,"href":"https:\/\/mareabeachmobility.com\/en\/wp-json\/wp\/v2\/users\/3"}],"replies":[{"embeddable":true,"href":"https:\/\/mareabeachmobility.com\/en\/wp-json\/wp\/v2\/comments?post=1955"}],"version-history":[{"count":10,"href":"https:\/\/mareabeachmobility.com\/en\/wp-json\/wp\/v2\/pages\/1955\/revisions"}],"predecessor-version":[{"id":1965,"href":"https:\/\/mareabeachmobility.com\/en\/wp-json\/wp\/v2\/pages\/1955\/revisions\/1965"}],"wp:attachment":[{"href":"https:\/\/mareabeachmobility.com\/en\/wp-json\/wp\/v2\/media?parent=1955"}],"curies":[{"name":"wp","href":"https:\/\/api.w.org\/{rel}","templated":true}]}}