{"id":1955,"date":"2024-07-20T11:29:55","date_gmt":"2024-07-20T09:29:55","guid":{"rendered":"http:\/\/mareabeachmobility.com\/?page_id=1955"},"modified":"2024-07-20T11:34:54","modified_gmt":"2024-07-20T09:34:54","slug":"condiciones-alquiler","status":"publish","type":"page","link":"https:\/\/mareabeachmobility.com\/fr\/condiciones-alquiler\/","title":{"rendered":"Condiciones Alquiler"},"content":{"rendered":"<div data-elementor-type=\"wp-page\" data-elementor-id=\"1955\" class=\"elementor elementor-1955\" data-elementor-post-type=\"page\">\n\t\t\t\t<div class=\"elementor-element elementor-element-8888a12 e-flex e-con-boxed e-con e-parent\" data-id=\"8888a12\" data-element_type=\"container\" data-e-type=\"container\">\n\t\t\t\t\t<div class=\"e-con-inner\">\n\t\t\t\t<div class=\"elementor-element elementor-element-1664c00 elementor-widget elementor-widget-heading\" data-id=\"1664c00\" data-element_type=\"widget\" data-e-type=\"widget\" data-widget_type=\"heading.default\">\n\t\t\t\t<div class=\"elementor-widget-container\">\n\t\t\t\t\t<h2 class=\"elementor-heading-title elementor-size-default\">Termes et Conditions d&#039;emploi<\/h2>\t\t\t\t<\/div>\n\t\t\t\t<\/div>\n\t\t\t\t<div class=\"elementor-element elementor-element-e0daa45 elementor-widget elementor-widget-text-editor\" data-id=\"e0daa45\" data-element_type=\"widget\" data-e-type=\"widget\" data-widget_type=\"text-editor.default\">\n\t\t\t\t<div class=\"elementor-widget-container\">\n\t\t\t\t\t\t\t\t\t<p>Dans les V\u00e9los Reggi faire la transparence est l&#039;une de nos valeurs les plus ch\u00e8res, pour cette raison, nous vous recommandons de lire attentivement les termes et conditions de Reggi, afin d&#039;\u00e9viter d&#039;\u00e9ventuels malentendus.<\/p>\t\t\t\t\t\t\t\t<\/div>\n\t\t\t\t<\/div>\n\t\t\t\t<div class=\"elementor-element elementor-element-2bb7c02 elementor-widget elementor-widget-text-editor\" data-id=\"2bb7c02\" data-element_type=\"widget\" data-e-type=\"widget\" data-widget_type=\"text-editor.default\">\n\t\t\t\t<div class=\"elementor-widget-container\">\n\t\t\t\t\t\t\t\t\t<p><b>Termes et Conditions du contrat pour la location d&#039;un MotoReggi.<\/b><\/p><p>Le recrutement de la location d&#039;un scooter, le\/drivers\/est reconnu comme\/n vous avez lu et accept\u00e9 les termes et conditions d\u00e9taill\u00e9es dans le pr\u00e9sent document.<\/p><p>Par le recrutement, les pilotes sont engag\u00e9s \u00e0 respecter en tout temps les r\u00e8gles de circulation en vigueur et de prendre la responsabilit\u00e9 pour le peu de sanctions pourraient r\u00e9sulter de l&#039;utilisation, la mauvaise utilisation ou la non-conformit\u00e9 avec la l\u00e9gislation et pendant la dur\u00e9e du pr\u00e9sent contrat.<\/p><p>Ne sont PAS inclus, les d\u00e9g\u00e2ts g\u00e9n\u00e9r\u00e9s par la conduite imprudente et\/ou de n\u00e9gligence, ainsi que la conduite sous l&#039;influence de l&#039;Alcool ou de la Drogue. L&#039;une des raisons \u00e9nonc\u00e9es ci-apr\u00e8s, exempte de la soci\u00e9t\u00e9 de toute responsabilit\u00e9 pour les dommages encourus avec notre scooter.<\/p><p>Les termes du contrat de location, et ne peut \u00eatre modifi\u00e9 que par accord expr\u00e8s, \u00e9crit et sign\u00e9 par les deux parties. La soci\u00e9t\u00e9 se r\u00e9serve le droit d&#039;annuler les r\u00e9servations sur la base des crit\u00e8res de notification pr\u00e9alable au client, ainsi que le droit d&#039;admission.<br \/>En cas de violation des conditions \u00e9nonc\u00e9es dans le pr\u00e9sent accord, les Motos Reggi peut r\u00e9silier le pr\u00e9sent accord \u00e0 tout moment d&#039;exiger la restitution imm\u00e9diate du v\u00e9hicule dans nos locaux \u00e0 Ciutadella et ne proc\u00e9dera \u00e0 aucun remboursement de la somme vers\u00e9e.<\/p><p><span class=\"zn-fontweight\"><strong>ARTICLE 1 \u2013 PRESCRIPTIONS POUR LE LOYER<\/strong><\/span><br \/>Exp\u00e9rience minimum de 3 ans de conduite, ainsi que de l&#039;exp\u00e9rience dans la gestion de le m\u00eame. Si au moment de la livraison, l&#039;op\u00e9rateur de Reggi per\u00e7u que le client ne saura pas \u00e0 monter le v\u00e9lo, ne pas proc\u00e9der \u00e0 la livraison de la m\u00eame et ne sera pas de retour le paiement effectu\u00e9.<\/p><p>\u00b7 \u00catre \u00e2g\u00e9 de 21 ans<br \/>\u00b7 Passeport ou carte d&#039;identit\u00e9.<br \/>\u00b7 Permis de conduire d&#039;origine et en vigueur.<br \/>ou 125cc (A1 ou B avec 3 ans d&#039;anciennet\u00e9)<br \/>ou d&#039;un permis de conduire de l&#039;UNION europ\u00e9enne sans un accord avec l&#039;Espagne, il sera n\u00e9cessaire de pr\u00e9senter le permis de Conduire International en plus de l&#039;original. (V\u00e9rifiez aupr\u00e8s de votre ambassade avant de r\u00e9server).<br \/>\u00b7 Bon De R\u00e9servation<br \/>\u00b7 Un Minimum de trois ann\u00e9es d&#039;exp\u00e9rience.<\/p><p>Nous n&#039;acceptons pas les photos, photocopies, ou de plaintes et\/ou tout autre document qui n&#039;est pas dans le pilote d&#039;origine. Dans le cas o\u00f9 le Client ne respecte pas les conditions ci-dessus ne seront pas proc\u00e9der \u00e0 livrer le v\u00e9hicule ou \u00e0 rembourser le montant pay\u00e9.<\/p><p><span class=\"zn-fontweight\"><strong>ARTICLE 2 \u2013 LES PICK-UP ET RETOUR DU V\u00c9HICULE<\/strong><\/span><br \/>Le Client re\u00e7oit le v\u00e9hicule en parfait \u00e9tat de fonctionnement et avec des accessoires (cl\u00e9s, casques et documentation d&#039;origine). Vous devriez v\u00e9rifier avec la personne en charge de la remise du v\u00e9lo; reconnaissant rester inform\u00e9 du type de carburant du v\u00e9hicule pr\u00e9cises; et en promettant de rendre le v\u00e9hicule dans le m\u00eame \u00e9tat que vous l&#039;avez re\u00e7u, le client dispose d&#039;une heure apr\u00e8s la date d&#039;embauche, afin de d\u00e9tecter toute anomalie de la moto.<\/p><p>Le Client s&#039;engage \u00e0 restituer le v\u00e9hicule \u00e0 V\u00e9los Reggi dans la date et l&#039;heure et au lieu convenu dans le contrat de location, et peut varier \u00e0 condition que le nouvel emplacement as-tu pas de 10 kilom\u00e8tres ou plus et le client afin de vous informer, avec un minimum de 24 heures \u00e0 l&#039;avance.<\/p><p>Si pour des raisons ind\u00e9pendantes de notre Soci\u00e9t\u00e9, le Client ne vient pas chercher le v\u00e9hicule \u00e0 la date pr\u00e9vue dans la r\u00e9servation ou de la location, nous ne prolongera pas le contrat, ou de payer les heures ou les jours qui ne sont pas consomm\u00e9s.<\/p><p>La livraison du v\u00e9hicule sera effectu\u00e9 au moment requis par le Client dans le formulaire de r\u00e9servation. Dans le cas o\u00f9 le Client veut prendre avant l&#039;heure r\u00e9serv\u00e9e, vous devrez payer le montant correspondant.<\/p><p>La r\u00e9servation de la soci\u00e9t\u00e9 \u00e0 refuser de transmettre la r\u00e9servation, si vous n&#039;avez pas la disponibilit\u00e9. Le temps de retour a d\u00e9j\u00e0 \u00e9t\u00e9 demand\u00e9e par le Client doit \u00eatre respect\u00e9e SANS EXCEPTION. En cas de non retour du v\u00e9lo \u00e0 l&#039;heure convenue, les Motos Reggi accorde \u00e0 30 minutes de la courtoisie. Apr\u00e8s ce d\u00e9lai, le Client sera factur\u00e9 une journ\u00e9e suppl\u00e9mentaire. Seulement met fin au contrat lorsque le Client est pr\u00e9sent au point de rencontre convenu, o\u00f9 vous devez rendre le v\u00e9hicule et les touches correspondantes,<br \/>casques et de la documentation.<\/p><p><span class=\"zn-fontweight\"><strong>ARTICLE 3 \u2013 CONDITIONS FINANCI\u00c8RES<\/strong><\/span><br \/>En plus du prix de la r\u00e9servation, si estim\u00e9e par l&#039;exploitant, qui r\u00e9alisera le contrat, la location d&#039;un v\u00e9lo va n\u00e9cessiter un\u00a0<u>d\u00e9p\u00f4t<\/u>\u00a0ou en libert\u00e9 sous caution. Toutes nos locations comprennent l&#039;assurance de base \u00e0 des tiers, sans frais pour le loyer.<\/p><p>Les acomptes vers\u00e9s sont:<\/p><p>\u00b7\u00a0Kymco Agility city 125 - 150\u20ac<br \/>\u00b7\u00a0Symphony SR 125 - 150\u20ac<\/p><p>En tout cas, le d\u00e9p\u00f4t de garantie vous sera utile pour une prolongation de location. Le paiement de l&#039;acompte doit \u00eatre effectu\u00e9 par carte de cr\u00e9dit\/d\u00e9bit ou en esp\u00e8ces et sera retourn\u00e9 de la m\u00eame mani\u00e8re \u00e0 l&#039;pay\u00e9 (Dans le cas dont il a \u00e9t\u00e9 pay\u00e9 par carte de cr\u00e9dit et la p\u00e9riode de location de plus de 28 jours ne peuvent pas \u00eatre retourn\u00e9s par le cr\u00e9dit de la carte. Les frais de virement bancaire pour votre retour \u00e0 la charge du Client.) Ce montant ne couvre pas le montant total des dommages all\u00e9gu\u00e9s, en supposant que les dommages au v\u00e9hicule d\u00e9passe le montant de la caution doit \u00eatre pay\u00e9e par le Client. Lorsque le Client retourne le v\u00e9hicule avec les cl\u00e9s et la Soci\u00e9t\u00e9 a mis fin \u00e0 l&#039;accord, il doit restituer le d\u00e9p\u00f4t de garantie.<\/p><p><span class=\"zn-fontweight\"><strong>ARTICLE 4 \u2013 LES INCIDENTS ET LE VOL\u00a0<\/strong><\/span><\/p><p>En cas d&#039;accident ou de vol, le client a l&#039;obligation de communiquer avec la Police et l&#039;all\u00e9gation de vol dans les 24 heures apr\u00e8s l&#039;incident. De m\u00eame, vous devez en aviser la soustraction de V\u00e9los Reggi par t\u00e9l\u00e9phone au 680 91 68 54 et de soumettre une copie de la plainte \u00e0 info@motosreggi.com.<\/p><p>Dans le cas d&#039;un accident avec un autre v\u00e9hicule, le Client doit soumettre \u00e0 V\u00e9los Reggi dans un d\u00e9lai de 48 heures apr\u00e8s l&#039;incident, la soir\u00e9e conviviale, compl\u00e9t\u00e9e par les deux parties, ou l&#039;attestation de la Garde Civile.<\/p><p>Dans le cas de\u00a0<strong>perte totale<\/strong>\u00a0du v\u00e9hicule,\u00a0<strong>\u00eatre le conducteur responsable<\/strong>\u00a0quelle que soit la raison de l&#039;accident, la soci\u00e9t\u00e9 se r\u00e9serve le droit de facturer\/facturer au client un minimum de 80% de la valeur de march\u00e9 de la moto au moment de la perte, car ils sont des v\u00e9hicules d&#039;occasion, et il en avise par les pr\u00e9sentes conditions.<\/p><p>En cas de vol, vous devez soumettre la plainte, et les cl\u00e9s du v\u00e9hicule.<\/p><p>Dans le cas o\u00f9, pour un d\u00e9faut, le v\u00e9hicule a subi une panne et pas un accident, Motos Reggi il sera remplac\u00e9 par le v\u00e9hicule d\u00e8s que possible, nous avons de la route de service 24h. Dans le cas o\u00f9 cela n&#039;est pas possible, de remplacer les v\u00e9hicules, V\u00e9los Reggi vous rembourserons le montant correspondant aux jours qui ne b\u00e9n\u00e9ficient pas du taux contract\u00e9 et vous rapprocher de votre lieu d&#039;h\u00e9bergement.<\/p><p>Le Client reconna\u00eet et accepte express\u00e9ment \u00e9nonc\u00e9es dans le paragraphe pr\u00e9c\u00e9dent, et renonce \u00e0 toute indemnisation, le cas \u00e9ch\u00e9ant.<\/p><p>Le Conducteur\/le Client est responsable du v\u00e9hicule et les dommages caus\u00e9s au cours de la location, sauf si le Bailleur pour obtenir l&#039;acceptation de la responsabilit\u00e9, en tout ou en partie, par un tiers.<\/p><p>Dans le cas d&#039;un accident n&#039;est pas l\u00e0 pour remplacer le v\u00e9hicule, en restant \u00e0 l&#039;ach\u00e8vement du contrat et de ne pas retourner l&#039;argent pour les jours restants de la location.<\/p><p>Les dommages dont le client peut g\u00e9n\u00e9rer sera sous r\u00e9serve de l&#039;\u00e9valuation de la soci\u00e9t\u00e9 et de budget ult\u00e9rieur par le Propri\u00e9taire. Cela implique que vous ne pouvez pas retourner le d\u00e9p\u00f4t en cas de dommages jusqu&#039;\u00e0 ce qu&#039;il est certifi\u00e9 avec un budget pr\u00e9visionnel de la valeur de la r\u00e9paration.<\/p><p><span class=\"zn-fontweight\"><strong>ARTICLE 5 \u2013 CARBURANT<\/strong><\/span><br \/>Taux Plein \u2013 Vide: V\u00e9los Reggi va livrer la moto pour le Conducteur avec un r\u00e9servoir plein. Le Client doit retourner le v\u00e9lo qu&#039;il juge \u00eatre conscient que vous ne serez pas rembours\u00e9 tout montant \u00e0 l&#039;\u00e9gard de carburant.<\/p><p>Taux de CARBURANT selon le mod\u00e8le:<br \/>\u00b7\u00a0125cc - Combustible: 15\u20ac<\/p><p>Tous nos v\u00e9los utiliser de l&#039;essence sans plomb 95. Si il ya une erreur dans le remplissage et comme un r\u00e9sultat de la moto a subi des dommages, les r\u00e9parations seront \u00e0 votre charge enti\u00e8rement par le Client.<\/p><p><span class=\"zn-fontweight\"><strong>ARTICLE 6 \u2013 ENTRETIEN<\/strong><\/span><br \/>Le Client est incapable de r\u00e9parer le v\u00e9hicule sans l&#039;autorisation \u00e9crite pr\u00e9alable de la soci\u00e9t\u00e9. L&#039;entretien et la lubrification du v\u00e9hicule sont inclus dans nos tarifs. (N&#039;incluant pas les pneus \u00e0 plat et\/ou les changements de pneus r\u00e9sultant d&#039;une mauvaise utilisation du v\u00e9hicule).<\/p><p>La m\u00e9canique \u00e0 l&#039;usure due \u00e0 l&#039;utilisation de raisonnable et normal du v\u00e9hicule est pris en charge par les V\u00e9los de Reggi. Le Client est oblig\u00e9 d&#039;arr\u00eater le V\u00e9hicule, lorsqu&#039;il d\u00e9tecte une anomalie dans le fonctionnement du V\u00e9hicule. Le Client doit communiquer avec les V\u00e9los de Reggi 680 91 68 54 ou 615 94 09 70. En cas de dommages au v\u00e9hicule, ainsi que leurs accessoires et leurs add-ons, et\/ou de vol de la m\u00eame, doit \u00eatre fait sur la charge du Client pour les \u00e9l\u00e9ments suivants et les montants:<\/p><p><span class=\"zn-fontweight\"><strong>Si\u00e8ge:<\/strong><\/span>\u00a0165.95\u20ac<br \/><span class=\"zn-fontweight\"><strong>Plaque arri\u00e8re (en Voiture):<\/strong>\u00a080\u20ac<\/span><br \/><strong>T<\/strong><span class=\"zn-fontweight\"><strong>apa Baulete:<\/strong><\/span>\u00a080\u20ac<br \/><span class=\"zn-fontweight\"><strong>Baulete:<\/strong>\u00a075\u20ac<\/span><br \/><span class=\"zn-fontweight\"><strong>D&#039;\u00e9chappement:<\/strong>\u00a0275.51\u20ac<\/span><br \/><span class=\"zn-fontweight\"><strong>L&#039;embellissement de c\u00f4te d&#039;\u00e9chappement:<\/strong>\u00a080\u20ac<\/span><br \/><span class=\"zn-fontweight\"><strong>Garniture queue d&#039;\u00e9chappement:<\/strong>\u00a050\u20ac<\/span><br \/><span class=\"zn-fontweight\"><strong>Intermittent front (en Voiture):<\/strong>\u00a050\u20ac<\/span><br \/><span class=\"zn-fontweight\"><strong>L&#039;arri\u00e8re de la lumi\u00e8re dans son int\u00e9gralit\u00e9:<\/strong>\u00a0100\u20ac<\/span><br \/><span class=\"zn-fontweight\"><strong>En plastique \u00e0 l&#039;arri\u00e8re de la lumi\u00e8re:<\/strong>\u00a045\u20ac<\/span><br \/><span class=\"zn-fontweight\"><strong>Balise:<\/strong>\u00a0100\u20ac<\/span><br \/><span class=\"zn-fontweight\"><strong>Miroirs (L&#039;Unit\u00e9):<\/strong>\u00a040\u20ac<\/span><br \/><span class=\"zn-fontweight\"><strong>Bouchon De Guidon:<\/strong>\u00a010\u20ac<\/span><br \/><span class=\"zn-fontweight\"><strong>Poign\u00e9e:<\/strong>\u00a025\u20ac<\/span><br \/><span class=\"zn-fontweight\"><strong>Phare Avant:<\/strong>\u00a050\u20ac<\/span><br \/><span class=\"zn-fontweight\"><strong>Frontal inf\u00e9rieur blanc:<\/strong>\u00a070\u20ac<\/span><br \/><span class=\"zn-fontweight\"><strong>Quilles (Unit\u00e9):<\/strong>\u00a030\u20ac<\/span><br \/><span class=\"zn-fontweight\"><strong>Repose-pieds:<\/strong>\u00a050\u20ac<\/span><br \/><span class=\"zn-fontweight\"><strong>Aile avant:<\/strong>\u00a050\u20ac<\/span><br \/><span class=\"zn-fontweight\"><strong>Suspension avant \u00e0 barre:<\/strong>\u00a0145.60\u20ac<\/span><br \/><span class=\"zn-fontweight\"><strong>T\u00e9l\u00e9phone de soutien:<\/strong>\u00a040\u20ac<\/span><br \/><span class=\"zn-fontweight\"><strong>Coque:<\/strong>\u00a090\u20ac<\/span><br \/><span class=\"zn-fontweight\"><strong>La Cl\u00e9 De La Moto:<\/strong>\u00a050\u20ac<\/span><br \/><span class=\"zn-fontweight\"><strong>Cl\u00e9 Baulete:<\/strong>\u00a050\u20ac<\/span><br \/><span class=\"zn-fontweight\"><strong>Documentation:<\/strong>\u00a0250\u20ac<\/span><\/p><p><span class=\"zn-fontweight\"><strong>ARTICLE 7 \u2013 L&#039;ASSISTANCE ROUTI\u00c8RE<\/strong><\/span><br \/>Le Service d&#039;Assistance routi\u00e8re est inclus dans le tarif, si le dommage est propre \u00e0 la moto, dans le cas d&#039;un accident, de n\u00e9gligence ou l&#039;arr\u00eat du v\u00e9hicule par les autorit\u00e9s, le co\u00fbt de participation est de 100 $ dans le cas des v\u00e9los. Il est strictement interdit de stationner le v\u00e9hicule sur les routes, les sentiers et les zones o\u00f9 le v\u00e9hicule pourrait subir des dommages ou \u00e0 g\u00eaner la circulation.<\/p><p><span class=\"zn-fontweight\"><strong>ARTICLE 8 \u2013 R\u00c8GLES POUR L&#039;UTILISATION DES V\u00c9LOS<\/strong><\/span><br \/>Le Client s&#039;engage \u00e0 utiliser et conduire le v\u00e9hicule en conformit\u00e9 avec les r\u00e8gles de base de la conduite, de circulation, et selon les sp\u00e9cifications de l&#039;utilisation du v\u00e9hicule et avec le plus grand soin, dans les V\u00e9los Reggi nous prenons soin de notre flotte. Lorsque vous garer le v\u00e9lo, vous avez \u00e0 mettre le chevalet. En tout cas, garer la moto dans une mani\u00e8re qui n&#039;est pas une garantie de stabilit\u00e9.<\/p><p>Le Client est strictement interdit de prendre de l&#039;\u00eele de Minorque le v\u00e9hicule de location de V\u00e9los Reggi. Vous \u00eates uniquement autoris\u00e9 \u00e0 conduire le v\u00e9hicule de la personne ou des personnes identifi\u00e9es et accept\u00e9es par les V\u00e9los de Reggi dans le contrat de location, \u00e0 condition d&#039;avoir une exp\u00e9rience minimale de 3 ans et ils sont en possession d&#039;un permis de conduire valide et en vigueur.<\/p><p>Le Client s&#039;engage \u00e0 garer le v\u00e9hicule dans un endroit s\u00fbr et correctement gar\u00e9 lorsqu&#039;il n&#039;est pas en cours d&#039;utilisation. Le client ne peut c\u00e9der, louer, hypoth\u00e9quer, mettre en gage, de vendre ou de donner une garantie sur le v\u00e9hicule. Il vous est interdit de modifier les caract\u00e9ristiques techniques du v\u00e9hicule, ou de faire toute sorte de modification de son aspect ext\u00e9rieur et\/ou int\u00e9rieur (\u00e0 moins d&#039;\u00eatre autoris\u00e9 par \u00e9crit par Moto Reggi).<\/p><p>Vous n&#039;\u00eates pas autoris\u00e9s \u00e0 transporter le v\u00e9hicule \u00e0 bord de tous types de bateaux, de camions ou de moyens de transport (sauf autorisation expresse et \u00e9crite du Bailleur). Dans le cas d&#039;une Amende, le Client est responsable et doit payer le m\u00eame d\u00e8s que possible. Si c&#039;\u00e9tait le cas que le Client entra\u00eenera la confiscation du v\u00e9hicule, les frais de collecte de la m\u00eame dans le municipal compos\u00e9 sera indiqu\u00e9 sur la facture d\u00e9livr\u00e9e par l&#039;administration locale.<\/p><p>Est somme non remboursable en cas de retour du v\u00e9hicule avant la date d&#039;expiration du contrat.<\/p><p><span class=\"zn-fontweight\"><strong>ARTICLE 9 \u2013ANNULATION ET DE REMBOURSEMENT DU CONTRAT.<\/strong><\/span><br \/>Dans le cas o\u00f9 le Client souhaite annuler la r\u00e9servation, vous devez communiquer avec les V\u00e9los Reggi, nous savons que chaque cas m\u00e9rite notre attention.<\/p><p>Les r\u00e8gles et les politiques d&#039;annulation: un remboursement int\u00e9gral de la r\u00e9servation, le client doit donner un minimum de 5 jours avant la date et l&#039;heure de livraison de la moto. Dans le cas de \u00eatre trouv\u00e9 au sein de la date limite, nous allons proc\u00e9der au remboursement complet ou proportionnelle \u00e0 la somme d\u00e9j\u00e0 pay\u00e9e par le Client. Le remboursement, le cas \u00e9ch\u00e9ant, sera fait de la m\u00eame fa\u00e7on qui a \u00e9t\u00e9 pay\u00e9 par la r\u00e9servation. Dans le cas o\u00f9 l&#039;annulation est faite \u00e0 4 ou \u00e0 3 jours \u00e0 l&#039;avance ne sera pas rembours\u00e9e \u00e0 100% du montant pour les d\u00e9tails suivants:<\/p><p>5 Jours \u2013 100%<br \/>4 Jours \u2013 80%<br \/>3 Jours \u2013 60%<br \/>2 Jours \u2013 0%<br \/>1 Jour \u2013 0%<\/p><p><span class=\"zn-fontweight\"><strong>ARTICLE 10 \u2013 EXCLUSION DE LA RESPONSABILIT\u00c9<\/strong><\/span><br \/>V\u00e9los Reggi pas \u00eatre tenu responsable pour les locations rejet\u00e9e par le manque de documentation et\/ou les conditions n\u00e9cessaires pour la conduction. De l&#039;impossibilit\u00e9 de donner le Service, ou de permettre l&#039;acc\u00e8s pour toute raison, au-del\u00e0 de V\u00e9los Reggi.<\/p><p><span class=\"zn-fontweight\"><strong>ART\u00cdCULO 11 - RECLAMACIONES<\/strong><\/span><strong><br \/><\/strong>En caso de que el usuario desee presentar alguna reclamaci\u00f3n a Reggicenta SC, podr\u00e1 remitir una carta a\u00a0nuestra sede central en Calle d'Osca, 5 Baixos. CP 07760 Ciudadela de Menorca, Islas Baleares,\u00a0Espa\u00f1a o solicitar nuestro libro de reclamaciones.<\/p><p><span class=\"zn-fontweight\"><strong>ARTICLE 12 \u2013 DROIT APPLICABLE ET JURIDICTION COMP\u00c9TENTE<\/strong><\/span><br \/>Les pr\u00e9sentes Conditions G\u00e9n\u00e9rales sont r\u00e9gies par la L\u00e9gislation espagnole, qui sera applicable en ce qui n&#039;est pas pr\u00e9cis\u00e9 dans le m\u00eame quant \u00e0 l&#039;interpr\u00e9tation, la validit\u00e9 et l&#039;ex\u00e9cution. Les parties se soumettent express\u00e9ment aux tribunaux de Ciutadella de Menorca pour r\u00e9gler tout diff\u00e9rend qui pourrait surgir de l&#039;interpr\u00e9tation et\/ou l&#039;ex\u00e9cution des pr\u00e9sentes Conditions G\u00e9n\u00e9rales de Recrutement.<\/p><p><span class=\"zn-fontweight\"><strong>ART\u00cdCULO 13\u00a0- CONDICIONES PROTECCI\u00d3N DE DATOS<\/strong><\/span><strong><br \/><\/strong>Mediante la firma y \/o suscripci\u00f3n con Reggicenta SC el cliente acepta las condiciones generales descritas en\u00a0el presente escrito y acepta haber sido informado de que los datos personales que nos faciliten, ser\u00e1n\u00a0incorporados al fichero \u201cClientes\u201d de nuestra empresa, debidamente inscrito en el registro General de la\u00a0Agencia Espa\u00f1ola de Protecci\u00f3n de Datos, que cumple con las medidas de seguridad estipuladas en el RD\u00a01720\/2007 de 21 de Diciembre, y cuya finalidad es la gesti\u00f3n de los clientes de la empresa, elaboraci\u00f3n de\u00a0su facturaci\u00f3n y env\u00edo de informaci\u00f3n comercial de nuestros productos y servicios. Podr\u00e1 ejercitar en todo\u00a0momento los derechos de C\u00e1racter personal y su normativa de desarrollo en nuestra direcci\u00f3n: Carrer d\u2019Osca, 5. 07760 - Ciutadella de Menorca (Illes Balears).<\/p>\t\t\t\t\t\t\t\t<\/div>\n\t\t\t\t<\/div>\n\t\t\t\t\t<\/div>\n\t\t\t\t<\/div>\n\t\t\t\t<\/div>","protected":false},"excerpt":{"rendered":"<p>T\u00e9rminos y Condiciones de Contrataci\u00f3n En Motos Reggi hacemos de la transparencia uno de nuestros valores m\u00e1s preciados, por ello te recomendamos que leas con atenci\u00f3n los t\u00e9rminos y condiciones de Reggi para evitar posibles malos entendidos. T\u00e9rminos y Condiciones de contrataci\u00f3n sobre el alquiler de una MotoReggi. A la contrataci\u00f3n del alquiler de un [&hellip;]<\/p>\n","protected":false},"author":3,"featured_media":0,"parent":0,"menu_order":0,"comment_status":"closed","ping_status":"closed","template":"","meta":{"site-sidebar-layout":"no-sidebar","site-content-layout":"page-builder","ast-site-content-layout":"full-width-container","site-content-style":"default","site-sidebar-style":"default","ast-global-header-display":"","ast-banner-title-visibility":"","ast-main-header-display":"","ast-hfb-above-header-display":"","ast-hfb-below-header-display":"","ast-hfb-mobile-header-display":"","site-post-title":"disabled","ast-breadcrumbs-content":"","ast-featured-img":"disabled","footer-sml-layout":"","theme-transparent-header-meta":"","adv-header-id-meta":"","stick-header-meta":"","header-above-stick-meta":"","header-main-stick-meta":"","header-below-stick-meta":"","astra-migrate-meta-layouts":"set","ast-page-background-enabled":"default","ast-page-background-meta":{"desktop":{"background-color":"","background-image":"","background-repeat":"repeat","background-position":"center center","background-size":"auto","background-attachment":"scroll","background-type":"","background-media":"","overlay-type":"","overlay-color":"","overlay-opacity":"","overlay-gradient":""},"tablet":{"background-color":"","background-image":"","background-repeat":"repeat","background-position":"center center","background-size":"auto","background-attachment":"scroll","background-type":"","background-media":"","overlay-type":"","overlay-color":"","overlay-opacity":"","overlay-gradient":""},"mobile":{"background-color":"","background-image":"","background-repeat":"repeat","background-position":"center center","background-size":"auto","background-attachment":"scroll","background-type":"","background-media":"","overlay-type":"","overlay-color":"","overlay-opacity":"","overlay-gradient":""}},"ast-content-background-meta":{"desktop":{"background-color":"var(--ast-global-color-5)","background-image":"","background-repeat":"repeat","background-position":"center center","background-size":"auto","background-attachment":"scroll","background-type":"","background-media":"","overlay-type":"","overlay-color":"","overlay-opacity":"","overlay-gradient":""},"tablet":{"background-color":"var(--ast-global-color-5)","background-image":"","background-repeat":"repeat","background-position":"center center","background-size":"auto","background-attachment":"scroll","background-type":"","background-media":"","overlay-type":"","overlay-color":"","overlay-opacity":"","overlay-gradient":""},"mobile":{"background-color":"var(--ast-global-color-5)","background-image":"","background-repeat":"repeat","background-position":"center center","background-size":"auto","background-attachment":"scroll","background-type":"","background-media":"","overlay-type":"","overlay-color":"","overlay-opacity":"","overlay-gradient":""}},"_joinchat":[],"footnotes":""},"class_list":["post-1955","page","type-page","status-publish","hentry"],"_links":{"self":[{"href":"https:\/\/mareabeachmobility.com\/fr\/wp-json\/wp\/v2\/pages\/1955","targetHints":{"allow":["GET"]}}],"collection":[{"href":"https:\/\/mareabeachmobility.com\/fr\/wp-json\/wp\/v2\/pages"}],"about":[{"href":"https:\/\/mareabeachmobility.com\/fr\/wp-json\/wp\/v2\/types\/page"}],"author":[{"embeddable":true,"href":"https:\/\/mareabeachmobility.com\/fr\/wp-json\/wp\/v2\/users\/3"}],"replies":[{"embeddable":true,"href":"https:\/\/mareabeachmobility.com\/fr\/wp-json\/wp\/v2\/comments?post=1955"}],"version-history":[{"count":10,"href":"https:\/\/mareabeachmobility.com\/fr\/wp-json\/wp\/v2\/pages\/1955\/revisions"}],"predecessor-version":[{"id":1965,"href":"https:\/\/mareabeachmobility.com\/fr\/wp-json\/wp\/v2\/pages\/1955\/revisions\/1965"}],"wp:attachment":[{"href":"https:\/\/mareabeachmobility.com\/fr\/wp-json\/wp\/v2\/media?parent=1955"}],"curies":[{"name":"wp","href":"https:\/\/api.w.org\/{rel}","templated":true}]}}