{"id":2118,"date":"2024-07-22T16:41:43","date_gmt":"2024-07-22T14:41:43","guid":{"rendered":"http:\/\/mareabeachmobility.com\/?page_id=2118"},"modified":"2024-07-22T16:44:14","modified_gmt":"2024-07-22T14:44:14","slug":"terminos-y-condiciones","status":"publish","type":"page","link":"https:\/\/mareabeachmobility.com\/fr\/terminos-y-condiciones\/","title":{"rendered":"T\u00e9rminos y Condiciones"},"content":{"rendered":"<div data-elementor-type=\"wp-page\" data-elementor-id=\"2118\" class=\"elementor elementor-2118\" data-elementor-post-type=\"page\">\n\t\t\t\t<div class=\"elementor-element elementor-element-8888a12 e-flex e-con-boxed e-con e-parent\" data-id=\"8888a12\" data-element_type=\"container\" data-e-type=\"container\">\n\t\t\t\t\t<div class=\"e-con-inner\">\n\t\t\t\t<div class=\"elementor-element elementor-element-1664c00 elementor-widget elementor-widget-heading\" data-id=\"1664c00\" data-element_type=\"widget\" data-e-type=\"widget\" data-widget_type=\"heading.default\">\n\t\t\t\t<div class=\"elementor-widget-container\">\n\t\t\t\t\t<h2 class=\"elementor-heading-title elementor-size-default\">T\u00e9rminos y Condiciones<\/h2>\t\t\t\t<\/div>\n\t\t\t\t<\/div>\n\t\t\t\t<div class=\"elementor-element elementor-element-2bb7c02 elementor-widget elementor-widget-text-editor\" data-id=\"2bb7c02\" data-element_type=\"widget\" data-e-type=\"widget\" data-widget_type=\"text-editor.default\">\n\t\t\t\t<div class=\"elementor-widget-container\">\n\t\t\t\t\t\t\t\t\t<p style=\"font-weight: 400;\">Le invitamos a revisar las condiciones generales de compra que regulan la oferta y la compra de productos CARRE COMTE CIFUENTES 7 BIS \u2013 07760 - CIUTADELLA DE MENORCA, ILLES BALEARS a trav\u00e9s de la tienda online incluida en este sitio web.<\/p>\n<p style=\"font-weight: 400;\">Al usar este sitio web usted queda vinculado a estas condiciones por lo que le recomendamos que las lea detenidamente. Si usted no est\u00e1 de acuerdo con ellas deber\u00e1 abandonar el sitio web.<\/p>\n<p style=\"font-weight: 400;\"><strong><span style=\"font-size: 16px;\">1. DISPOSICIONES PRELIMINARES<\/span><\/strong><\/p>\n<p style=\"font-weight: 400;\">Las presentes condiciones de compra son de aplicaci\u00f3n para todas las ventas de art\u00edculos de la marca REGGICENTA SC que hayan sido realizadas a trav\u00e9s del sitio web (en adelante \"sitio web\").<\/p>\n<p style=\"font-weight: 400;\">Al realizar una reserva o pedido, usted nos garantiza que es mayor de 18 a\u00f1os y que tiene capacidad legal para cursar contratos vinculantes. Adem\u00e1s, garantiza y acredita que dispone del permiso de conducci\u00f3n pertinente que le permite la conducci\u00f3n legal de nuestros veh\u00edculos.<\/p>\n<p style=\"font-weight: 400;\">Los pedidos solamente podr\u00e1n realizarse para adquirir mercanc\u00edas sin \u00e1nimo de reventa. Est\u00e1 terminantemente prohibida cualquier reventa o distribuci\u00f3n de los productos adquiridos a trav\u00e9s del sitio web.<\/p>\n<p style=\"font-weight: 400;\">Nos reservamos el derecho de poder anular pedidos fraudulentos, falsos o especulativos, as\u00ed como aquellos pedidos que hayan sido solicitados por alg\u00fan cliente con el que pueda existir alguna diferencia<em>\/<\/em>controversia en pedidos anteriores, o cu\u00e1ndo existan dudas razonables que nos puedan hacer pensar que el cliente est\u00e1 violando alguna de las condiciones de compra especificadas o est\u00e9 participando en alguna actividad delictiva.<\/p>\n<p style=\"font-weight: 400;\">Podremos actualizar las presentes condiciones de compra, as\u00ed como el aviso legal en cualquier momento. Usted siempre podr\u00e1 consultar e imprimir la versi\u00f3n actualizada de ambos textos desde nuestra p\u00e1gina Web.<\/p>\n<ul style=\"font-weight: 400;\">\n<li><b><strong>Obligaciones del usuario<\/strong><\/b><\/li>\n<\/ul>\n<p style=\"font-weight: 400;\">Como usuario est\u00e1 obligado a comunicar a REGGICENTA SC todos los datos necesarios para el acceso y utilizaci\u00f3n de los servicios de este sitio web. Estos deber\u00e1n ser veraces y actuales y consiente que podremos hacer uso de ellos para ponemos en contacto con usted si es necesario.<\/p>\n<p style=\"font-weight: 400;\">Es indispensable que facilite toda la informaci\u00f3n que catalogamos como obligatoria, ya que, de no hacerlo no podremos cursar su pedido. No seremos responsables en ning\u00fan caso de posibles retrasos o fallos en la entrega como consecuencia del error u omisi\u00f3n de estos datos.<\/p>\n<p style=\"font-weight: 400;\">El usuario deber\u00e1 hacer un uso adecuado de los servicios incluidos en el sitio web, siempre de conformidad con el ordenamiento jur\u00eddico y no llevar\u00e1 a cabo actividad alguna que dificulte o interfiera en su funcionamiento.<\/p>\n<ul style=\"font-weight: 400;\">\n<li><b><strong>Medidas de seguridad<\/strong><\/b><\/li>\n<\/ul>\n<p style=\"font-weight: 400;\">Estableceremos todos los mecanismos razonables a nuestro alcance para garantizar que sus datos personales se conservan con seguridad en todo momento. Sin embargo, usted acepta que ninguna transmisi\u00f3n de datos a trav\u00e9s de Internet puede garantizarse como segura frente a accesos por receptores no autorizados y no nos podr\u00e1 hacer responsables por cualquier fallo de seguridad salvo que se deba a nuestra negligencia.<\/p>\n<p style=\"font-weight: 400;\">Asimismo, usted deber\u00e1 adoptar las medidas de seguridad necesarias, tanto personales como materiales, para mantener la confidencialidad de su nombre de usuario y contrase\u00f1a y notificarnos inmediatamente la p\u00e9rdida, extrav\u00edo, sustracci\u00f3n, robo o acceso ileg\u00edtimo de su nombre de usuario y contrase\u00f1a, as\u00ed como su conocimiento por terceras personas.\u00a0<\/p>\n<p><span style=\"font-style: inherit; text-align: var(--text-align);\"><strong>2.\u00a0<\/strong><strong style=\"font-weight: bold;\">CONDICIONES APLICABLES A LOS PEDIDOS<\/strong><\/span><\/p>\n<p style=\"font-weight: 400;\">Todos los veh\u00edculos que se ofertan en este sitio web son propiedad de REGGICENTA SC con CIF J04981460 y domicilio CARRE COMTE CIFUENTES 7 BIS \u2013 07760 - CIUTADELLA DE MENORCA, ILLES BALEARS .<\/p>\n<p style=\"font-weight: 400;\"><b><strong>2.1. Procedimiento de compra<\/strong><\/b><\/p>\n<p style=\"font-weight: 400;\">Podr\u00e1 navegar en el sitio web hasta encontrar el art\u00edculo deseado. Una vez localizado, pulsando sobre el mismo acceder\u00e1 a toda la informaci\u00f3n de detalle que le ofrece el sitio web. Desde ah\u00ed podr\u00e1 a\u00f1adir el art\u00edculo a su compra.<\/p>\n<p style=\"font-weight: 400;\">Si est\u00e1 realizando un pedido o reserva por primera vez con nosotros, se le pedir\u00e1 que se registre introduciendo su direcci\u00f3n de email y una contrase\u00f1a con la que podr\u00e1 crear y acceder a su cuenta. Tambi\u00e9n tendr\u00e1 la opci\u00f3n de realizar la reserva como usuario invitado.<\/p>\n<p style=\"font-weight: 400;\">En el caso de que se trate de un usuario registrado y con una cuenta activa, deber\u00e1 introducir su email y contrase\u00f1a y el sistema reconocer\u00e1 sus datos.<\/p>\n<p style=\"font-weight: 400;\">Una vez est\u00e9 en su cuenta podr\u00e1 continuar su compra y finalmente confirmar el pedido o la reserva.\u00a0<\/p>\n<p style=\"font-weight: 400;\"><b><strong>2.2. Cobertura de la oferta<\/strong><\/b><\/p>\n<p style=\"font-weight: 400;\">La zona de entrega de estos art\u00edculos se circunscribe a CARRE COMTE CIFUENTES 7 BIS \u2013 07760 - CIUTADELLA DE MENORCA, ILLES BALEARS. Cualquier otra direcci\u00f3n de entrega supondr\u00e1 la anulaci\u00f3n autom\u00e1tica del pedido.<\/p>\n<p style=\"font-weight: 400;\">\u00a0<\/p>\n<p style=\"font-weight: 400;\"><b><strong>2.3. Disponibilidad<\/strong><\/b><\/p>\n<p style=\"font-weight: 400;\">Todos los pedidos est\u00e1n sujetos a disponibilidad. No nos hacemos responsables de la falta de existencia o de la indisponibilidad de los productos.<\/p>\n<p style=\"font-weight: 400;\">Consulte la selecci\u00f3n de art\u00edculos disponibles para la venta a trav\u00e9s del sitio web, ya que no todos los art\u00edculos que podamos ofrecer en nuestras tiendas o que puedan aparecer en los cat\u00e1logos, sitios web u otro tipo de presentaciones est\u00e1n disponibles para este tipo de venta.<\/p>\n<p style=\"font-weight: 400;\">Si un producto no estuviera disponible una vez realizado el pedido, se le informar\u00eda lo antes posible por correo electr\u00f3nico o por tel\u00e9fono y este quedar\u00eda pendiente de entrega.<\/p>\n<p style=\"font-weight: 400;\">Ante cualquier duda, se recomienda ponerse en contacto con el servicio de atenci\u00f3n al cliente info@motosreggi.com\u00a0<\/p>\n<p style=\"font-weight: 400;\"><b><strong>2.4. Contrato con\u00a0REGGICENTA SC y aceptaci\u00f3n de pedidos y reservas.<\/strong><\/b><\/p>\n<p style=\"font-weight: 400;\">El pedido no ser\u00e1 aceptado por nosotros hasta que el importe haya sido cargado a su cuenta. Tras confirmar la compra, recibir\u00e1 un e-mail como acuse de recibo, pero ello no implicar\u00e1 que el pedido haya sido aceptado, ya que estar\u00e1n sujetos a nuestra posterior comprobaci\u00f3n y aceptaci\u00f3n.<\/p>\n<p style=\"font-weight: 400;\">Le confirmaremos la aceptaci\u00f3n del pedido en un e-mail en el que le informaremos de que el pedido est\u00e1 siendo enviado. S\u00f3lo en ese momento quedar\u00e1 formalizado el contrato entre usted y nosotros, y solamente para los art\u00edculos relacionados en dicha confirmaci\u00f3n de env\u00edo. Para las reservas recibir\u00e1 un email con la confirmaci\u00f3n de la reserva.<\/p>\n<p style=\"font-weight: 400;\">\u00a0<\/p>\n<p style=\"font-weight: 400;\"><b><strong>2.5. Confirmaci\u00f3n y anulaci\u00f3n de pedidos y reservas<\/strong><\/b><\/p>\n<p style=\"font-weight: 400;\">Con anterioridad a la finalizaci\u00f3n del pedido por su parte en el sitio web, usted podr\u00e1 revisar todos los detalles asociados al mismo (importes desglosados en todos los ep\u00edgrafes necesarios - impuestos, costes de transporte, selecci\u00f3n de art\u00edculos, etc.), pudiendo corregir lo que considere necesario.<\/p>\n<p style=\"font-weight: 400;\">Con posterioridad a la confirmaci\u00f3n no ser\u00e1 posible modificar ni anular el pedido a trav\u00e9s del sitio web, deber\u00e1 ponerse en contacto con info@motosreggi.com.<\/p>\n<p style=\"font-weight: 400;\"><b><strong>2.6. Moneda, impuestos y precio<\/strong><\/b><\/p>\n<p style=\"font-weight: 400;\">De acuerdo con la legislaci\u00f3n vigente, toda la compra desde nuestro sitio web estar\u00e1 sujeta al impuesto sobre el valor a\u00f1adido, excepci\u00f3n hecha de Canarias, Ceuta y Melilla. El tipo aplicable ser\u00e1 el legalmente vigente en cada momento.<\/p>\n<p style=\"font-weight: 400;\">Todos los precios se muestran en euros (\u20ac) y deben ser considerados como el precio final a pagar por el cliente.<\/p>\n<p style=\"font-weight: 400;\">Cualquier pedido realizado debe ser abonado de forma inmediata tras la confirmaci\u00f3n del pedido. \u00danicamente se cursar\u00e1n pedidos para los que se haya completado y verificado el pago del mismo.\u00a0 Los pedidos no pagados durante las 24 horas siguientes se cancelar\u00e1n autom\u00e1ticamente.<\/p>\n<p style=\"font-weight: 400;\">\u00a0<\/p>\n<p style=\"font-weight: 400;\"><b><strong>2.7. Forma de pago y seguridad<\/strong><\/b><\/p>\n<p style=\"font-weight: 400;\">Cualquier pedido realizado debe ser abonado de forma inmediata tras la confirmaci\u00f3n del pedido. \u00danicamente se cursar\u00e1n pedidos para los que se haya completado y verificado el pago del mismo.<\/p>\n<p style=\"font-weight: 400;\">El pago debe realizarse mediante tarjeta de cr\u00e9dito y d\u00e9bito (emitida por una entidad con sede social en Espa\u00f1a \u2013TPV Virtual), Paypal o Bizum.<\/p>\n<p style=\"font-weight: 400;\">El importe del pedido se cargar\u00e1 en su tarjeta, de forma que deber\u00e1 indicarnos el n\u00famero, la fecha de caducidad, as\u00ed como el c\u00f3digo de seguridad CW2 (en el reverso de su tarjeta). En el caso de que su tarjeta est\u00e9 securizada, se le pedir\u00e1n los c\u00f3digos de seguridad pertinentes.<\/p>\n<p style=\"font-weight: 400;\">Estos datos no ser\u00e1n guardados o manipulados por nosotros, sino que ser\u00e1n registrados directamente en la pasarela de pagos de la entidad financiera correspondiente. Para mayor seguridad, utilizaremos un Servicio de Autenticaci\u00f3n de Comercio Electr\u00f3nico Seguro, sistema establecido por Visa \/ Mastercard \/ Eurocard, por el que cliente se autentifica ante sus bancos emisor y el comercio se autentifica ante su banco adquiriente.<\/p>\n<p style=\"font-weight: 400;\">El cargo se llevar\u00e1 a cabo en tiempo real a trav\u00e9s de esta pasarela de pago. En caso de que el cargo no pueda llevarse a cabo finalmente (por cualquier causa), el pedido quedar\u00e1 anulado autom\u00e1ticamente.<\/p>\n<p style=\"font-weight: 400;\">\u00a0<\/p>\n<p style=\"font-weight: 400;\"><b><strong>2.8. Entregas: tipos, plazos y problemas<\/strong><\/b><\/p>\n<p style=\"font-weight: 400;\">\u00a0Puedes consultar dicha informaci\u00f3n\u00a0<a href=\"https:\/\/motosreggi.com\/condiciones-alquiler\">aqu\u00ed.<\/a><\/p>\n<p style=\"font-weight: 400;\"><b><strong>2.9. Pol\u00edtica de devoluci\u00f3n, cambio y reembolso<\/strong><\/b><\/p>\n<p style=\"font-weight: 400;\">En el caso de los pedidos de productos Menorquinos el Cliente NO PODR\u00c1 devolver el producto ya que se trata de productos alimentarios.\u00a0<\/p>\n<p style=\"font-weight: 400;\"><b><strong>2.10. Garant\u00eda de los productos<\/strong><\/b><\/p>\n<p style=\"font-weight: 400;\">En el caso de los pedidos de productos Menorquinos el Cliente NO PODR\u00c1 devolver el producto ya que se trata de productos alimentarios, por lo que por favor aseg\u00farese bien de su inter\u00e9s antes de realizar el pedido.\u00a0<\/p>\n<p><span style=\"font-style: inherit; text-align: var(--text-align);\"><strong>3.\u00a0<\/strong><strong style=\"font-weight: bold;\">NULIDAD PARCIAL<\/strong><\/span><\/p>\n<p style=\"font-weight: 400;\">Si cualquier parte de estas condiciones de servicios fuera contraria a Derecho y, por tanto, inv\u00e1lida, ello no afectar\u00e1 a las otras disposiciones conformes a Derecho. Las partes se comprometen a renegociar aquellos puntos de las condiciones de servicio que resultaran nulos y a incorporarlos al resto de las condiciones de servicio.<\/p>\n<p style=\"font-weight: 400;\"><b><strong>4. MODIFICACION DE LAS CONDICIONES GENERALES DE VENTA<\/strong><\/b><\/p>\n<p style=\"font-weight: 400;\">REGGICENTA SC se reserva el derecho a modificar las condiciones generales de venta sin previo aviso, pudiendo cambiar, suprimir o a\u00f1adir tanto los contenidos y servicios que presten a trav\u00e9s del mismo como la forma en la que estos parezcan presentados o localizados en sus servidores.<\/p>\n<p style=\"font-weight: 400;\">Estos cambios deber\u00e1n de ser aceptados por el usuario cada vez que haga efectiva una compra a trav\u00e9s de la web.<\/p>\n<p style=\"font-weight: 400;\">Los clientes que no est\u00e9n conformes con las modificaciones de las condiciones generales, deber\u00e1n notificarlo y, a partir de la fecha en la cual la nueva versi\u00f3n entrara en vigor, deber\u00e1n de dejar de utilizar los servicios de la web.<\/p>\n<p style=\"font-weight: 400;\">En el supuesto de que algunos de los t\u00e9rminos de las condiciones generales de venta sean declarados ilegales o no oponibles por una decisi\u00f3n judicial, las dem\u00e1s disposiciones mantendr\u00e1n su vigencia.<\/p>\n<p style=\"font-weight: 400;\"><strong>5.<\/strong> <b><strong>LEY APLICABLE Y JURISDICCI\u00d3N<\/strong><\/b><\/p>\n<p style=\"font-weight: 400;\">Este sitio se encuentra ubicado y es operadores de Espa\u00f1a. Todas las cuestiones relativas a este sitio se rigen por las leyes espa\u00f1olas y se someten a la jurisdicci\u00f3n de los Juzgados y Tribunales competentes de Islas Baleares (Espa\u00f1a), sin que sean de aplicaci\u00f3n los principios sobre conflictos de leyes.<\/p>\n<p style=\"font-weight: 400;\">En aquellos casos en que el cliente no tenga la condici\u00f3n de consumidor o usuario, o que tenga domicilio fuera de Espa\u00f1a, se someter\u00e1 a los Juzgados y Tribunales nacionales, con renuncia expresa a cualquier otro fuero que pudiera corresponderles.<\/p>\n<p style=\"font-weight: 400;\">Si el usuario decide utilizar o consultar este sitio fuera de Espa\u00f1a, deber\u00e1 tener presente que lo hace por propia iniciativa, y que es responsable del cumplimiento de las leyes pertinentes.<\/p>\n<p style=\"font-weight: 400;\">El presente contrato entrar\u00e1 en vigor y surtir\u00e1 plenos efectos desde el momento en que se produzca la aceptaci\u00f3n del cliente o usuario.<\/p>\n<p style=\"font-weight: 400;\">El presente contrato, y, por tanto, las condiciones generales que incorpora, juntamente con los anexos (de existir), adem\u00e1s de ser le\u00eddos en esta web, pueden almacenarse, archivarse y reproducirse por los medios electr\u00f3nicos o inform\u00e1ticos habituales.<\/p>\n<p style=\"font-weight: 400;\">\u00a0<\/p>\t\t\t\t\t\t\t\t<\/div>\n\t\t\t\t<\/div>\n\t\t\t\t\t<\/div>\n\t\t\t\t<\/div>\n\t\t\t\t<\/div>","protected":false},"excerpt":{"rendered":"<p>T\u00e9rminos y Condiciones Le invitamos a revisar las condiciones generales de compra que regulan la oferta y la compra de productos CARRE COMTE CIFUENTES 7 BIS \u2013 07760 - CIUTADELLA DE MENORCA, ILLES BALEARS a trav\u00e9s de la tienda online incluida en este sitio web. Al usar este sitio web usted queda vinculado a estas [&hellip;]<\/p>\n","protected":false},"author":3,"featured_media":0,"parent":0,"menu_order":0,"comment_status":"closed","ping_status":"closed","template":"","meta":{"site-sidebar-layout":"no-sidebar","site-content-layout":"page-builder","ast-site-content-layout":"full-width-container","site-content-style":"default","site-sidebar-style":"default","ast-global-header-display":"","ast-banner-title-visibility":"","ast-main-header-display":"","ast-hfb-above-header-display":"","ast-hfb-below-header-display":"","ast-hfb-mobile-header-display":"","site-post-title":"disabled","ast-breadcrumbs-content":"","ast-featured-img":"disabled","footer-sml-layout":"","theme-transparent-header-meta":"","adv-header-id-meta":"","stick-header-meta":"","header-above-stick-meta":"","header-main-stick-meta":"","header-below-stick-meta":"","astra-migrate-meta-layouts":"set","ast-page-background-enabled":"default","ast-page-background-meta":{"desktop":{"background-color":"","background-image":"","background-repeat":"repeat","background-position":"center center","background-size":"auto","background-attachment":"scroll","background-type":"","background-media":"","overlay-type":"","overlay-color":"","overlay-opacity":"","overlay-gradient":""},"tablet":{"background-color":"","background-image":"","background-repeat":"repeat","background-position":"center center","background-size":"auto","background-attachment":"scroll","background-type":"","background-media":"","overlay-type":"","overlay-color":"","overlay-opacity":"","overlay-gradient":""},"mobile":{"background-color":"","background-image":"","background-repeat":"repeat","background-position":"center center","background-size":"auto","background-attachment":"scroll","background-type":"","background-media":"","overlay-type":"","overlay-color":"","overlay-opacity":"","overlay-gradient":""}},"ast-content-background-meta":{"desktop":{"background-color":"var(--ast-global-color-5)","background-image":"","background-repeat":"repeat","background-position":"center center","background-size":"auto","background-attachment":"scroll","background-type":"","background-media":"","overlay-type":"","overlay-color":"","overlay-opacity":"","overlay-gradient":""},"tablet":{"background-color":"var(--ast-global-color-5)","background-image":"","background-repeat":"repeat","background-position":"center center","background-size":"auto","background-attachment":"scroll","background-type":"","background-media":"","overlay-type":"","overlay-color":"","overlay-opacity":"","overlay-gradient":""},"mobile":{"background-color":"var(--ast-global-color-5)","background-image":"","background-repeat":"repeat","background-position":"center center","background-size":"auto","background-attachment":"scroll","background-type":"","background-media":"","overlay-type":"","overlay-color":"","overlay-opacity":"","overlay-gradient":""}},"_joinchat":[],"footnotes":""},"class_list":["post-2118","page","type-page","status-publish","hentry"],"_links":{"self":[{"href":"https:\/\/mareabeachmobility.com\/fr\/wp-json\/wp\/v2\/pages\/2118","targetHints":{"allow":["GET"]}}],"collection":[{"href":"https:\/\/mareabeachmobility.com\/fr\/wp-json\/wp\/v2\/pages"}],"about":[{"href":"https:\/\/mareabeachmobility.com\/fr\/wp-json\/wp\/v2\/types\/page"}],"author":[{"embeddable":true,"href":"https:\/\/mareabeachmobility.com\/fr\/wp-json\/wp\/v2\/users\/3"}],"replies":[{"embeddable":true,"href":"https:\/\/mareabeachmobility.com\/fr\/wp-json\/wp\/v2\/comments?post=2118"}],"version-history":[{"count":4,"href":"https:\/\/mareabeachmobility.com\/fr\/wp-json\/wp\/v2\/pages\/2118\/revisions"}],"predecessor-version":[{"id":2122,"href":"https:\/\/mareabeachmobility.com\/fr\/wp-json\/wp\/v2\/pages\/2118\/revisions\/2122"}],"wp:attachment":[{"href":"https:\/\/mareabeachmobility.com\/fr\/wp-json\/wp\/v2\/media?parent=2118"}],"curies":[{"name":"wp","href":"https:\/\/api.w.org\/{rel}","templated":true}]}}