{"id":1955,"date":"2024-07-20T11:29:55","date_gmt":"2024-07-20T09:29:55","guid":{"rendered":"http:\/\/mareabeachmobility.com\/?page_id=1955"},"modified":"2024-07-20T11:34:54","modified_gmt":"2024-07-20T09:34:54","slug":"condiciones-alquiler","status":"publish","type":"page","link":"https:\/\/mareabeachmobility.com\/it\/condiciones-alquiler\/","title":{"rendered":"Condiciones Alquiler"},"content":{"rendered":"<div data-elementor-type=\"wp-page\" data-elementor-id=\"1955\" class=\"elementor elementor-1955\" data-elementor-post-type=\"page\">\n\t\t\t\t<div class=\"elementor-element elementor-element-8888a12 e-flex e-con-boxed e-con e-parent\" data-id=\"8888a12\" data-element_type=\"container\" data-e-type=\"container\">\n\t\t\t\t\t<div class=\"e-con-inner\">\n\t\t\t\t<div class=\"elementor-element elementor-element-1664c00 elementor-widget elementor-widget-heading\" data-id=\"1664c00\" data-element_type=\"widget\" data-e-type=\"widget\" data-widget_type=\"heading.default\">\n\t\t\t\t<div class=\"elementor-widget-container\">\n\t\t\t\t\t<h2 class=\"elementor-heading-title elementor-size-default\">Termini e Condizioni di impiego<\/h2>\t\t\t\t<\/div>\n\t\t\t\t<\/div>\n\t\t\t\t<div class=\"elementor-element elementor-element-e0daa45 elementor-widget elementor-widget-text-editor\" data-id=\"e0daa45\" data-element_type=\"widget\" data-e-type=\"widget\" data-widget_type=\"text-editor.default\">\n\t\t\t\t<div class=\"elementor-widget-container\">\n\t\t\t\t\t\t\t\t\t<p>In Moto Reggi fare trasparenza \u00e8 uno dei nostri valori che pi\u00f9 contano, per questo motivo si consiglia di leggere attentamente i termini e le condizioni di Reggi al fine di evitare possibili malintesi.<\/p>\t\t\t\t\t\t\t\t<\/div>\n\t\t\t\t<\/div>\n\t\t\t\t<div class=\"elementor-element elementor-element-2bb7c02 elementor-widget elementor-widget-text-editor\" data-id=\"2bb7c02\" data-element_type=\"widget\" data-e-type=\"widget\" data-widget_type=\"text-editor.default\">\n\t\t\t\t<div class=\"elementor-widget-container\">\n\t\t\t\t\t\t\t\t\t<p><b>Termini e Condizioni del contratto di noleggio di un MotoReggi.<\/b><\/p><p>Il reclutamento del noleggio di uno scooter, l&#039;\/drivers\/\u00e8 riconosciuto come\/n di aver letto e accettato i termini e le condizioni riportate in questo documento.<\/p><p>Attraverso il reclutamento, i driver sono impegnati a rispettare in ogni momento il traffico regolamenti in vigore e di assumersi la responsabilit\u00e0 per i pochi sanzioni potrebbero derivare dall&#039;uso proprio o improprio o non-conformit\u00e0 con la legislazione e durante il periodo di validit\u00e0 del presente contratto.<\/p><p>NON sono inclusi, i danni generati dalla guida imprudente e\/o di negligenza, cos\u00ec come la guida sotto l&#039;influenza di Alcool o Droghe. Uno dei motivi indicati nel presente documento, esonera la societ\u00e0 da ogni e qualsiasi responsabilit\u00e0 per i danni arrecati con il nostro scooter.<\/p><p>I termini del contratto di locazione, e pu\u00f2 essere modificato solo per patto espresso, in forma scritta e firmata da entrambe le parti. L&#039;azienda si riserva il diritto di annullare le prenotazioni in base ai criteri di preavviso al cliente, nonch\u00e9 il diritto di ammissione.<br \/>In caso di violazione di una delle condizioni indicate nel presente accordo, Moto Reggi pu\u00f2 recedere dal presente accordo in qualsiasi momento di pretendere l&#039;immediata restituzione del veicolo presso la nostra sede di Ciutadella e di non procedere ad alcun rimborso dell&#039;importo pagato.<\/p><p><span class=\"zn-fontweight\"><strong>ARTICOLO 1 \u2013 REQUISITI PER L&#039;AFFITTO<\/strong><\/span><br \/>Esperienza di minimo 3 anni di guida, cos\u00ec come l&#039;esperienza nella gestione della stessa. Se al momento della consegna, l&#039;operatore di Reggi percepito che il client non sa guidare la moto, non procedere con la consegna della stessa e non restituir\u00e0 il pagamento effettuato.<\/p><p>\u00b7 Essere 21 anni di et\u00e0<br \/>\u00b7 Passaporto o carta d&#039;identit\u00e0.<br \/>\u00b7 Patente di guida in originale e in vigore.<br \/>o 125 (A1 o B con 3 anni di anzianit\u00e0)<br \/>o permesso di guidare al di fuori della UE senza un accordo con la Spagna, sar\u00e0 necessario presentare la patente di Guida Internazionale in aggiunta a quello originale. (Verificare con l&#039;ambasciata prima di prenotare).<br \/>\u00b7 Voucher Di Prenotazione<br \/>\u00b7 Minimo tre anni di esperienza.<\/p><p>Non saranno accettate foto, fotocopie, o reclami e\/o qualsiasi altro documento che non \u00e8 il driver originale. Nel caso In cui il Cliente non soddisfi le condizioni di cui sopra non sar\u00e0 possibile procedere alla consegna del veicolo o a restituire l&#039;importo versato.<\/p><p><span class=\"zn-fontweight\"><strong>ARTICOLO 2 \u2013 RITIRO E RESTITUZIONE DEL VEICOLO<\/strong><\/span><br \/>Il Cliente riceve il veicolo in perfetto stato di funzionamento e con accessori (chiavi, caschi e documentazione originale). Si dovrebbe verificare con la persona in carica per la consegna delle bici; riconoscendo rimanere informato il tipo di carburante del veicolo accurate; e promettendo di restituire il veicolo nelle stesse condizioni in cui \u00e8 stato ricevuto, il cliente ha un&#039;ora dopo la data di noleggio, per rilevare eventuali anomalie della moto.<\/p><p>Il Cliente si impegna a restituire il veicolo in Moto Reggi in data e ora e nel luogo stabilito nel contratto di noleggio, e pu\u00f2 variare lungo il nuovo percorso non hai depositato il 10 chilometri o pi\u00f9 e il cliente per comunicare con un minimo di 24 ore di anticipo.<\/p><p>Se per motivi indipendenti dalla nostra Societ\u00e0, in cui il Cliente non ritiri il veicolo al momento indicato nella prenotazione o l&#039;affitto di noi non prolungare il contratto, o di pagare le ore o i giorni non consumati.<\/p><p>La consegna del veicolo al momento richiesto dal Cliente nel modulo di prenotazione. Nel caso In cui il Cliente vuole raccogliere prima che il tempo riservato, sar\u00e0 necessario pagare l&#039;importo corrispondente.<\/p><p>Riservando l&#039;azienda rifiuta di trasmettere la prenotazione, se non hanno disponibilit\u00e0. Il tempo di ritorno in precedenza richiesto dal Cliente, devono essere rispettate SENZA ECCEZIONI. In caso di non restituzione della bicicletta per l&#039;orario prestabilito, Moto Reggi concede 30 minuti di cortesia. Dopo questo tempo, il Cliente sar\u00e0 addebitato un giorno in pi\u00f9. Solo risolve il contratto, se il Cliente \u00e8 presente presso il punto di incontro concordato, in cui si deve restituire il veicolo e i relativi tasti,<br \/>caschi e documentazione.<\/p><p><span class=\"zn-fontweight\"><strong>ARTICOLO 3 \u2013 REQUISITI FINANZIARI<\/strong><\/span><br \/>In aggiunta al prezzo della prenotazione, se la stima da parte dell&#039;operatore l&#039;esecuzione del contratto, il noleggio di una moto richieder\u00e0 un\u00a0<u>deposito<\/u>\u00a0o cauzione. Tutte le nostre case sono l&#039;assicurazione di base a terzi, senza spese per l&#039;affitto.<\/p><p>I depositi versati sono:<\/p><p>\u00b7\u00a0Kymco Agility city 125 - 150\u20ac<br \/>\u00b7\u00a0Symphony SR 125 - 150\u20ac<\/p><p>In ogni caso la cauzione sar\u00e0 utile per un&#039;estensione di noleggio. Il pagamento dell&#039;acconto deve essere effettuato con carta di credito\/carta di debito o in contanti e verr\u00e0 restituito allo stesso modo per il pagamento (nel caso In cui non sia stato pagato con carta di credito, e il periodo di noleggio superiore a 28 giorni non possono essere restituiti entro riaccredito sulla carta. Le spese del bonifico bancario per il vostro ritorno a carico del Cliente.) Questo importo non coprire il totale dei presunti danni, supponendo che il danno al veicolo supera l&#039;importo della cauzione deve essere pagata dal Cliente. Quando il Cliente restituisce il veicolo con le chiavi e la Societ\u00e0 ha chiuso l&#039;accordo, \u00e8 tenuto a restituire il deposito.<\/p><p><span class=\"zn-fontweight\"><strong>ARTICOLO 4 \u2013 INCIDENTI E FURTI\u00a0<\/strong><\/span><\/p><p>In caso di incidente o di furto, il cliente ha l&#039;obbligo di contattare la Polizia e le relative accusa di furto entro 24 ore dopo l&#039;incidente. Allo stesso modo, deve notificare la sottrazione di Biciclette Reggi via telefono a 680 91 68 54 e presentare una copia della denuncia di info@motosreggi.com.<\/p><p>In caso di incidente con un altro veicolo, il Cliente dovr\u00e0 inviare a Moto Reggi entro 48 ore dopo l&#039;incidente, la bella festa, completato dalle due parti o con l&#039;attestazione della protezione Civile.<\/p><p>In caso di\u00a0<strong>perdita totale<\/strong>\u00a0del veicolo,\u00a0<strong>essendo il driver responsabile<\/strong>\u00a0qualunque sia il motivo del sinistro, la societ\u00e0 si riserva il diritto di bill\/addebitare al cliente un minimo, l &#039; 80% del valore di mercato della moto al momento della perdita, perch\u00e9 sono veicoli pre-posseduti, e quindi di notifica da questi termini.<\/p><p>In caso di furto, \u00e8 necessario presentare la denuncia, e le chiavi del veicolo.<\/p><p>Nel caso In cui, per un vizio di forma, il veicolo subisce un guasto e non \u00e8 un incidente, Moto Reggi egli sar\u00e0 sostituito dal veicolo il pi\u00f9 presto possibile, una strada di servizio di 24 ore. Nel caso In cui non \u00e8 possibile una sostituzione del veicolo, Moto Reggi provveder\u00e0 a rimborsare l&#039;importo corrispondente ai giorni non goduti la tariffa convenzionata e ottenere pi\u00f9 vicino al tuo luogo di alloggio.<\/p><p>Il Cliente riconosce e accetta espressamente indicato nel paragrafo precedente, e rinuncia a qualsiasi indennizzo ove necessario.<\/p><p>Il Driver\/Cliente \u00e8 responsabile del veicolo e i danni causati durante il noleggio, a meno che il Locatore per ottenere l&#039;accettazione della responsabilit\u00e0 in tutto o in parte da terzi.<\/p><p>In caso di incidente non \u00e8 l\u00ec per sostituire il veicolo, restando il completamento del contratto e non restituire il denaro per i restanti giorni di noleggio.<\/p><p>I danni che il cliente pu\u00f2 generare sar\u00e0 oggetto di valutazione di azienda e successiva bilancio da parte del Padrone di casa. Questo implica che non sia possibile restituire il deposito cauzionale fino a quando non \u00e8 certificata con un bilancio provvisorio del valore della riparazione.<\/p><p><span class=\"zn-fontweight\"><strong>ARTICOLO 5 \u2013 CARBURANTE<\/strong><\/span><br \/>Tasso di Pieno \u2013 Vuoto: Moto Reggi consegner\u00e0 la moto per il Conducente con un serbatoio pieno. Il Cliente deve restituire la moto come si ritenga di essere a conoscenza che non verr\u00e0 rimborsato alcun importo nel rispetto di carburante.<\/p><p>Tasso di CARBURANTE a seconda del modello:<br \/>\u00b7\u00a0125cc - Combustible: 15\u20ac<\/p><p>Tutte le nostre bici utilizzare benzina senza piombo 95. Se c&#039;\u00e8 qualche errore nel ripieno e, come risultato, la moto ha subito qualche danno, la riparazione sar\u00e0 a carico del Cliente.<\/p><p><span class=\"zn-fontweight\"><strong>ARTICOLO 6 \u2013 MANUTENZIONE<\/strong><\/span><br \/>Il Client non \u00e8 in grado di riparare il veicolo, senza previa autorizzazione scritta da parte della societ\u00e0. La manutenzione e la lubrificazione del veicolo sono inclusi nelle nostre tariffe. (Non comprese le gomme a terra e\/o di pneumatici modifiche derivanti da uso improprio del veicolo.)<\/p><p>La meccanica di usura, dovuti all&#039;uso di ragionevole e normale del veicolo \u00e8 a carico di Biciclette Reggi. Il Cliente \u00e8 tenuto a fermare il Veicolo quando rileva una anomalia nel funzionamento del Veicolo. Il Cliente deve mettersi in Moto Reggi 680 91 68 54 o 615 94 09 70. In caso di danni al veicolo, cos\u00ec come i loro accessori e componenti aggiuntivi e\/o furto della stessa, deve essere redatta su apposito spese per il Cliente per le seguenti voci e gli importi:<\/p><p><span class=\"zn-fontweight\"><strong>Sede:<\/strong><\/span>\u00a0165.95\u20ac<br \/><span class=\"zn-fontweight\"><strong>Piastra posteriore (in Auto):<\/strong>\u00a080\u20ac<\/span><br \/><strong>T<\/strong><span class=\"zn-fontweight\"><strong>apa Baulete:<\/strong><\/span>\u00a080\u20ac<br \/><span class=\"zn-fontweight\"><strong>Baulete:<\/strong>\u00a075\u20ac<\/span><br \/><span class=\"zn-fontweight\"><strong>Di scarico:<\/strong>\u00a0275.51\u20ac<\/span><br \/><span class=\"zn-fontweight\"><strong>Abbellimento lato di scarico:<\/strong>\u00a080\u20ac<\/span><br \/><span class=\"zn-fontweight\"><strong>Tagliare la coda di scarico:<\/strong>\u00a050\u20ac<\/span><br \/><span class=\"zn-fontweight\"><strong>Intermittente anteriore (in Auto):<\/strong>\u00a050\u20ac<\/span><br \/><span class=\"zn-fontweight\"><strong>Luce posteriore in pieno:<\/strong>\u00a0100\u20ac<\/span><br \/><span class=\"zn-fontweight\"><strong>Plastica faro posteriore:<\/strong>\u00a045\u20ac<\/span><br \/><span class=\"zn-fontweight\"><strong>Beacon:<\/strong>\u00a0100\u20ac<\/span><br \/><span class=\"zn-fontweight\"><strong>Specchi (Unit\u00e0):<\/strong>\u00a040\u20ac<\/span><br \/><span class=\"zn-fontweight\"><strong>Tappo Manubrio:<\/strong>\u00a010\u20ac<\/span><br \/><span class=\"zn-fontweight\"><strong>Maniglia:<\/strong>\u00a025\u20ac<\/span><br \/><span class=\"zn-fontweight\"><strong>Fari Anteriori:<\/strong>\u00a050\u20ac<\/span><br \/><span class=\"zn-fontweight\"><strong>Frontale inferiore bianco:<\/strong>\u00a070\u20ac<\/span><br \/><span class=\"zn-fontweight\"><strong>Chiglie (Unit\u00e0):<\/strong>\u00a030\u20ac<\/span><br \/><span class=\"zn-fontweight\"><strong>Poggiapiedi:<\/strong>\u00a050\u20ac<\/span><br \/><span class=\"zn-fontweight\"><strong>Parafango anteriore:<\/strong>\u00a050\u20ac<\/span><br \/><span class=\"zn-fontweight\"><strong>Bar sospensione anteriore:<\/strong>\u00a0145.60\u20ac<\/span><br \/><span class=\"zn-fontweight\"><strong>Supporto del telefono:<\/strong>\u00a040\u20ac<\/span><br \/><span class=\"zn-fontweight\"><strong>Scafo:<\/strong>\u00a090\u20ac<\/span><br \/><span class=\"zn-fontweight\"><strong>Chiave Di Moto:<\/strong>\u00a050\u20ac<\/span><br \/><span class=\"zn-fontweight\"><strong>Chiave Baulete:<\/strong>\u00a050\u20ac<\/span><br \/><span class=\"zn-fontweight\"><strong>Documentazione:<\/strong>\u00a0250\u20ac<\/span><\/p><p><span class=\"zn-fontweight\"><strong>ARTICOLO 7 \u2013 ASSISTENZA STRADALE<\/strong><\/span><br \/>Il Servizio di Assistenza stradale inclusa nella tariffa, se il danno \u00e8 proprio la moto, in caso di incidente, di negligenza o di arresto del veicolo da parte delle autorit\u00e0, il costo di partecipazione \u00e8 di $ 100 nel caso delle moto. \u00c8 severamente vietato il parcheggio del veicolo su strade, sentieri e le aree in cui il veicolo potrebbe subire danni o ostacolare la circolazione.<\/p><p><span class=\"zn-fontweight\"><strong>ARTICOLO 8 \u2013 NORME PER L&#039;USO DELLA BICI<\/strong><\/span><br \/>Il Cliente si impegna ad utilizzare e guidare il veicolo in conformit\u00e0 con le regole di base di guida e di circolazione, secondo le specifiche di utilizzo del veicolo e con la massima cura, in Moto Reggi ci prendiamo cura della nostra flotta. Quando si parcheggia la moto, devi mettere il cavalletto. In ogni caso, parcheggiare la moto in un modo che non garantisce la stabilit\u00e0.<\/p><p>Il Cliente \u00e8 severamente vietato l&#039;assunzione di Minorca veicolo in noleggio Biciclette Reggi. L&#039;utente \u00e8 autorizzato a condurre il veicolo, alla persona o alle persone riconosciute e accettate da Moto Reggi nel contratto di noleggio, purch\u00e9 in possesso di un&#039;esperienza minima di 3 anni e sono proprie e che sono in possesso di una patente di guida valida e in vigore.<\/p><p>Il Cliente si impegna a parcheggiare il veicolo in un luogo sicuro e correttamente parcheggiata quando non in uso. Il cliente non potr\u00e0 cedere, in affitto, ipoteca, pegno, vendere o dare in garanzia sul veicolo. \u00c8 vietato modificare qualsiasi caratteristica tecnica del veicolo, o fare qualsiasi tipo di modifica del suo esterno e\/o interno (a meno che non autorizzato per iscritto da Moto Reggi).<\/p><p>Non \u00e8 consentito il trasporto del veicolo a bordo di qualsiasi tipo di nave, camion o mezzi di trasporto (salvo espressa autorizzazione scritta del Locatore). Nel caso di un Bene, il Cliente \u00e8 responsabile e deve pagare lo stesso il pi\u00f9 presto possibile. Se non sia il caso che il Cliente, comporter\u00e0 la perdita del veicolo, il costo per la raccolta delle stesse comunale composto sar\u00e0 indicato nella fattura emessa dall&#039;amministrazione locale.<\/p><p>\u00c8 di importo non rimborsabile in caso di restituzione del veicolo prima della data di scadenza del contratto.<\/p><p><span class=\"zn-fontweight\"><strong>ARTICOLO 9 \u2013CANCELLAZIONE E DI RIMBORSO DEL CONTRATTO.<\/strong><\/span><br \/>Nel caso In cui il Cliente desideri annullare la prenotazione, \u00e8 necessario comunicare con Moto Reggi, sappiamo che \u00e8 in ogni caso merita la nostra attenzione.<\/p><p>Le regole e le politiche di cancellazione: Per un rimborso totale della prenotazione, il cliente deve dare un minimo di 5 giorni prima la data e l&#039;ora di consegna della moto. In caso di essere trovato entro il termine stabilito, si proceder\u00e0 al rimborso totale o proporzionale ai soldi pagati in precedenza dal Cliente. Il rimborso, se del caso, sar\u00e0 fatto nello stesso modo in cui \u00e8 stata pagata dalla prenotazione. Nel caso In cui la cancellazione \u00e8 fatta 4 o 3 giorni in anticipo, non sar\u00e0 rimborsato il 100% dell&#039;importo per i seguenti dettagli:<\/p><p>5 Giorni \u2013 100%<br \/>4 Giorni \u2013 80%<br \/>3 Giorni \u2013 60%<br \/>2 Giorni \u2013 0%<br \/>1 Giorno \u2013 0%<\/p><p><span class=\"zn-fontweight\"><strong>ARTICOLO 10 \u2013 ESCLUSIONE DI RESPONSABILIT\u00c0<\/strong><\/span><br \/>Biciclette Reggi non pu\u00f2 essere ritenuta responsabile per il noleggio respinto dalla mancanza di documentazione e\/o i requisiti necessari per la conduzione. L&#039;impossibilit\u00e0 di dare il Servizio o consentire l&#039;accesso, per qualsiasi motivo, al di l\u00e0 di Biciclette Reggi.<\/p><p><span class=\"zn-fontweight\"><strong>ART\u00cdCULO 11 - RECLAMACIONES<\/strong><\/span><strong><br \/><\/strong>En caso de que el usuario desee presentar alguna reclamaci\u00f3n a Reggicenta SC, podr\u00e1 remitir una carta a\u00a0nuestra sede central en Calle d'Osca, 5 Baixos. CP 07760 Ciudadela de Menorca, Islas Baleares,\u00a0Espa\u00f1a o solicitar nuestro libro de reclamaciones.<\/p><p><span class=\"zn-fontweight\"><strong>ARTICOLO 12 \u2013 LEGGE APPLICABILE E FORO COMPETENTE<\/strong><\/span><br \/>Le presenti Condizioni Generali sono regolate dalla Legislazione spagnola, che sar\u00e0 applicabile in quanto non espressamente indicato nella stessa, in termini di interpretazione, la validit\u00e0 e l&#039;esecuzione. Le parti espressamente presentare alle corti e ai tribunali di Ciutadella de Menorca per risolvere qualsiasi controversia che possa insorgere nell&#039;interpretazione e\/o esecuzione, delle presenti Condizioni Generali di Reclutamento.<\/p><p><span class=\"zn-fontweight\"><strong>ART\u00cdCULO 13\u00a0- CONDICIONES PROTECCI\u00d3N DE DATOS<\/strong><\/span><strong><br \/><\/strong>Mediante la firma y \/o suscripci\u00f3n con Reggicenta SC el cliente acepta las condiciones generales descritas en\u00a0el presente escrito y acepta haber sido informado de que los datos personales que nos faciliten, ser\u00e1n\u00a0incorporados al fichero \u201cClientes\u201d de nuestra empresa, debidamente inscrito en el registro General de la\u00a0Agencia Espa\u00f1ola de Protecci\u00f3n de Datos, que cumple con las medidas de seguridad estipuladas en el RD\u00a01720\/2007 de 21 de Diciembre, y cuya finalidad es la gesti\u00f3n de los clientes de la empresa, elaboraci\u00f3n de\u00a0su facturaci\u00f3n y env\u00edo de informaci\u00f3n comercial de nuestros productos y servicios. Podr\u00e1 ejercitar en todo\u00a0momento los derechos de C\u00e1racter personal y su normativa de desarrollo en nuestra direcci\u00f3n: Carrer d\u2019Osca, 5. 07760 - Ciutadella de Menorca (Illes Balears).<\/p>\t\t\t\t\t\t\t\t<\/div>\n\t\t\t\t<\/div>\n\t\t\t\t\t<\/div>\n\t\t\t\t<\/div>\n\t\t\t\t<\/div>","protected":false},"excerpt":{"rendered":"<p>T\u00e9rminos y Condiciones de Contrataci\u00f3n En Motos Reggi hacemos de la transparencia uno de nuestros valores m\u00e1s preciados, por ello te recomendamos que leas con atenci\u00f3n los t\u00e9rminos y condiciones de Reggi para evitar posibles malos entendidos. T\u00e9rminos y Condiciones de contrataci\u00f3n sobre el alquiler de una MotoReggi. A la contrataci\u00f3n del alquiler de un [&hellip;]<\/p>\n","protected":false},"author":3,"featured_media":0,"parent":0,"menu_order":0,"comment_status":"closed","ping_status":"closed","template":"","meta":{"site-sidebar-layout":"no-sidebar","site-content-layout":"page-builder","ast-site-content-layout":"full-width-container","site-content-style":"default","site-sidebar-style":"default","ast-global-header-display":"","ast-banner-title-visibility":"","ast-main-header-display":"","ast-hfb-above-header-display":"","ast-hfb-below-header-display":"","ast-hfb-mobile-header-display":"","site-post-title":"disabled","ast-breadcrumbs-content":"","ast-featured-img":"disabled","footer-sml-layout":"","theme-transparent-header-meta":"","adv-header-id-meta":"","stick-header-meta":"","header-above-stick-meta":"","header-main-stick-meta":"","header-below-stick-meta":"","astra-migrate-meta-layouts":"set","ast-page-background-enabled":"default","ast-page-background-meta":{"desktop":{"background-color":"","background-image":"","background-repeat":"repeat","background-position":"center center","background-size":"auto","background-attachment":"scroll","background-type":"","background-media":"","overlay-type":"","overlay-color":"","overlay-opacity":"","overlay-gradient":""},"tablet":{"background-color":"","background-image":"","background-repeat":"repeat","background-position":"center center","background-size":"auto","background-attachment":"scroll","background-type":"","background-media":"","overlay-type":"","overlay-color":"","overlay-opacity":"","overlay-gradient":""},"mobile":{"background-color":"","background-image":"","background-repeat":"repeat","background-position":"center center","background-size":"auto","background-attachment":"scroll","background-type":"","background-media":"","overlay-type":"","overlay-color":"","overlay-opacity":"","overlay-gradient":""}},"ast-content-background-meta":{"desktop":{"background-color":"var(--ast-global-color-5)","background-image":"","background-repeat":"repeat","background-position":"center center","background-size":"auto","background-attachment":"scroll","background-type":"","background-media":"","overlay-type":"","overlay-color":"","overlay-opacity":"","overlay-gradient":""},"tablet":{"background-color":"var(--ast-global-color-5)","background-image":"","background-repeat":"repeat","background-position":"center center","background-size":"auto","background-attachment":"scroll","background-type":"","background-media":"","overlay-type":"","overlay-color":"","overlay-opacity":"","overlay-gradient":""},"mobile":{"background-color":"var(--ast-global-color-5)","background-image":"","background-repeat":"repeat","background-position":"center center","background-size":"auto","background-attachment":"scroll","background-type":"","background-media":"","overlay-type":"","overlay-color":"","overlay-opacity":"","overlay-gradient":""}},"_joinchat":[],"footnotes":""},"class_list":["post-1955","page","type-page","status-publish","hentry"],"_links":{"self":[{"href":"https:\/\/mareabeachmobility.com\/it\/wp-json\/wp\/v2\/pages\/1955","targetHints":{"allow":["GET"]}}],"collection":[{"href":"https:\/\/mareabeachmobility.com\/it\/wp-json\/wp\/v2\/pages"}],"about":[{"href":"https:\/\/mareabeachmobility.com\/it\/wp-json\/wp\/v2\/types\/page"}],"author":[{"embeddable":true,"href":"https:\/\/mareabeachmobility.com\/it\/wp-json\/wp\/v2\/users\/3"}],"replies":[{"embeddable":true,"href":"https:\/\/mareabeachmobility.com\/it\/wp-json\/wp\/v2\/comments?post=1955"}],"version-history":[{"count":10,"href":"https:\/\/mareabeachmobility.com\/it\/wp-json\/wp\/v2\/pages\/1955\/revisions"}],"predecessor-version":[{"id":1965,"href":"https:\/\/mareabeachmobility.com\/it\/wp-json\/wp\/v2\/pages\/1955\/revisions\/1965"}],"wp:attachment":[{"href":"https:\/\/mareabeachmobility.com\/it\/wp-json\/wp\/v2\/media?parent=1955"}],"curies":[{"name":"wp","href":"https:\/\/api.w.org\/{rel}","templated":true}]}}