{"id":2123,"date":"2024-07-22T16:45:18","date_gmt":"2024-07-22T14:45:18","guid":{"rendered":"http:\/\/mareabeachmobility.com\/?page_id=2123"},"modified":"2024-07-22T16:46:22","modified_gmt":"2024-07-22T14:46:22","slug":"politica-de-cookies","status":"publish","type":"page","link":"https:\/\/mareabeachmobility.com\/it\/politica-de-cookies\/","title":{"rendered":"Cookie policy"},"content":{"rendered":"<div data-elementor-type=\"wp-page\" data-elementor-id=\"2123\" class=\"elementor elementor-2123\" data-elementor-post-type=\"page\">\n\t\t\t\t<div class=\"elementor-element elementor-element-8888a12 e-flex e-con-boxed e-con e-parent\" data-id=\"8888a12\" data-element_type=\"container\" data-e-type=\"container\">\n\t\t\t\t\t<div class=\"e-con-inner\">\n\t\t\t\t<div class=\"elementor-element elementor-element-1664c00 elementor-widget elementor-widget-heading\" data-id=\"1664c00\" data-element_type=\"widget\" data-e-type=\"widget\" data-widget_type=\"heading.default\">\n\t\t\t\t<div class=\"elementor-widget-container\">\n\t\t\t\t\t<h2 class=\"elementor-heading-title elementor-size-default\">Cookie policy<\/h2>\t\t\t\t<\/div>\n\t\t\t\t<\/div>\n\t\t\t\t<div class=\"elementor-element elementor-element-2bb7c02 elementor-widget elementor-widget-text-editor\" data-id=\"2bb7c02\" data-element_type=\"widget\" data-e-type=\"widget\" data-widget_type=\"text-editor.default\">\n\t\t\t\t<div class=\"elementor-widget-container\">\n\t\t\t\t\t\t\t\t\t<p>\u00bfQu\u00e9 son las Cookies?<\/p>\n<p>Una cookie es un archivo o dispositivo que se descarga en el equipo terminal de un usuario con la finalidad de almacenar datos que podr\u00e1n ser actualizados y recuperados por la entidad responsable de su instalaci\u00f3n. Es decir, es un fichero que se descarga en su ordenador al acceder a determinadas p\u00e1ginas web. Las cookies permiten a una p\u00e1gina web, entre otras cosas, almacenar y recuperar informaci\u00f3n sobre los h\u00e1bitos de navegaci\u00f3n de un usuario o de su equipo y, dependiendo de la informaci\u00f3n que contengan y de la forma en que utilice su equipo, pueden utilizarse para reconocer al usuario.<\/p>\n<p>\u00bfQu\u00e9 tipo de cookies utiliza esta p\u00e1gina web?<\/p>\n<p>La presente p\u00e1gina web est\u00e1 utilizando cookies que permiten facilitar al usuario el uso y la navegaci\u00f3n a trav\u00e9s de la misma, garantizar el acceso a determinados servicios, as\u00ed como mejorar la configuraci\u00f3n funcional de la web.<\/p>\n<p>Concretamente, esta p\u00e1gina web utiliza las siguientes cookies:<\/p>\n<p>\u00a0<\/p>\n<p><u>En funci\u00f3n de la entidad que las gestione<\/u>:<\/p>\n<ul>\n<li><u>Cookies propias<\/u>: que se env\u00edan al equipo terminal del usuario desde un equipo o dominio gestionado por el propio editor y desde el que se presta el servicio solicitado al usuario.<\/li>\n<li><u>Cookies de terceros:<\/u>\u00a0que se env\u00edan al equipo terminal del usuario desde un equipo o dominio que no es gestionado por el editor, sino por otra entidad que trata los datos obtenidos a trav\u00e9s de las cookies.<\/li>\n<\/ul>\n<p><u>Seg\u00fan el plazo de tiempo que permanecen activadas<\/u><\/p>\n<ul>\n<li><u>Cookies de sesi\u00f3n:<\/u>\u00a0dise\u00f1adas para recabar y almacenar datos mientras el usuario accede a la web.<\/li>\n<li>Cookies persistentes: dise\u00f1adas para recabar y almacenar datos durante un per\u00edodo determinado de tiempo.<\/li>\n<\/ul>\n<p>\u00a0<\/p>\n<p><u>Seg\u00fan su finalidad<\/u><\/p>\n<ul>\n<li><u>Cookies t\u00e9cnicas<\/u>: utilizadas para permitir al usuario la navegaci\u00f3n a trav\u00e9s de la p\u00e1gina web, plataforma o aplicaci\u00f3n.<\/li>\n<li><u>Cookies de an\u00e1lisis<\/u>: estas cookies se utilizan para llevar a cabo un an\u00e1lisis de los comportamientos y acciones de los usuarios de la p\u00e1gina web o plataforma as\u00ed como para la elaboraci\u00f3n de perfiles de navegaci\u00f3n con el fin de realizar mejoras t\u00e9cnicas de funcionamiento y de servicio.<\/li>\n<li><u>Cookies de personalizaci\u00f3n<\/u>: Son aqu\u00e9llas que permiten al usuario acceder al servicio con algunas caracter\u00edsticas de car\u00e1cter general predefinidas en funci\u00f3n de una serie de criterios en el terminal del usuario como por ejemplo serian el idioma, el tipo de navegador a trav\u00e9s del cual accede al servicio, la configuraci\u00f3n regional desde donde accede al servicio, etc.<\/li>\n<li><u>Cookies publicitarias<\/u>: Son aqu\u00e9llas que permiten la gesti\u00f3n, de la forma m\u00e1s eficaz posible, de los espacios publicitarios que, en su caso, el editor haya incluido en una p\u00e1gina web, aplicaci\u00f3n o plataforma desde la que presta el servicio solicitado en base a criterios como el contenido editado o la frecuencia en la que se muestran los anuncios.<\/li>\n<li><u>Cookies de publicidad comportamental<\/u>: Son aqu\u00e9llas que permiten la gesti\u00f3n, de la forma m\u00e1s eficaz posible, de los espacios publicitarios que, en su caso, el editor haya incluido en una p\u00e1gina web, aplicaci\u00f3n o plataforma desde la que presta el servicio solicitado. Estas cookies almacenan informaci\u00f3n del comportamiento de los usuarios obtenida a trav\u00e9s de la observaci\u00f3n continuada de sus h\u00e1bitos de navegaci\u00f3n, lo que permite desarrollar un perfil espec\u00edfico para mostrar publicidad en funci\u00f3n del mismo.<\/li>\n<\/ul>\n<p>\u00a0<\/p>\n<p><u>Resumen de Cookies utilizadas por la empresa<\/u><\/p>\n<table>\n<tbody>\n<tr>\n<td width=\"82\">\n<h4>Tipo<\/h4>\n<\/td>\n<td width=\"112\">\n<h4>Caducidad<\/h4>\n<\/td>\n<td width=\"227\">\n<h4>Finalidad<\/h4>\n<\/td>\n<td width=\"145\">\n<h4>Propias\/Terceros<\/h4>\n<\/td>\n<\/tr>\n<tr>\n<td width=\"82\">\n<h4>T\u00e9cnica<\/h4>\n<\/td>\n<td width=\"112\">\n<h4>De sesi\u00f3n<\/h4>\n<\/td>\n<td width=\"227\">\n<h4>Informaci\u00f3n de sesi\u00f3n para permitir la funcionalidad del sitio web o plataforma.<\/h4>\n<\/td>\n<td width=\"145\">\n<h4>Propia<\/h4>\n<\/td>\n<\/tr>\n<tr>\n<td width=\"82\">\n<h4>Anal\u00edtica<\/h4>\n<\/td>\n<td width=\"112\">\n<h4>Persistente<\/h4>\n<\/td>\n<td width=\"227\">\n<h4>Para determinar nuevas sesiones \/ visitas<\/h4>\n<\/td>\n<td width=\"145\">\n<h4>Tercero (Google analytics), Facebook, Twitter, Instagram, blog youtube<\/h4>\n<\/td>\n<\/tr>\n<tr>\n<td width=\"82\">\n<h4>Anal\u00edtica<\/h4>\n<\/td>\n<td width=\"112\">\n<h4>Persistente<\/h4>\n<\/td>\n<td width=\"227\">\n<h4>Contiene un identificador \u00fanico para permitir el control de visitas a videos de Youtube.<\/h4>\n<\/td>\n<td width=\"145\">\n<h4>Tercero (Youtube), Facebook, Twitter, Instagram, blog youtube<\/h4>\n<\/td>\n<\/tr>\n<\/tbody>\n<\/table>\n<p>\u00a0<\/p>\n<h4>\u00a0<\/h4>\n<h4>\u00bfC\u00f3mo gestionar la configuraci\u00f3n de las cookies?<\/h4>\n<p>En el presente apartado se lleva a cabo una breve exposici\u00f3n de c\u00f3mo consultar y llevar a cabo la configuraci\u00f3n del sistema de cookies en relaci\u00f3n a los navegadores m\u00e1s comunes o m\u00e1s utilizados por los usuarios.<\/p>\n<p>En este sentido, pr\u00e1cticamente todos los navegadores permiten al usuario obtener informaci\u00f3n general sobre las cookies instaladas en una p\u00e1gina web, concretamente verificar la existencia de las mismas, su duraci\u00f3n o el sistema de eliminaci\u00f3n. En este sentido, a t\u00edtulo informativo, se facilitan una serie de enlaces relacionados:<\/p>\n<ul>\n<li><a href=\"https:\/\/support.google.com\/chrome\/answer\/95647?hl=es\"><em>Chrome<\/em><\/a><\/li>\n<li><a href=\"https:\/\/support.mozilla.org\/es\/kb\/cookies-informacion-que-los-sitios-web-guardan-en-\"><em>Mozilla Firefox<\/em><\/a><\/li>\n<li><a href=\"http:\/\/windows.microsoft.com\/es-es\/windows7\/how-to-manage-cookies-in-internet-explorer-9\"><em>Internet Explorer<\/em><\/a><\/li>\n<li><a href=\"https:\/\/support.apple.com\/es-es\/guide\/safari\/sfri11471\/mac\" target=\"_self\"><em>Safari<\/em><\/a><\/li>\n<\/ul>\n<p>Por otra parte, el usuario podr\u00e1 permitir, bloquear o eliminar las cookies instaladas en su equipo modificando la configuraci\u00f3n de su navegador conforme a las instrucciones indicadas en el mismo. A t\u00edtulo informativo se indica que habitualmente la configuraci\u00f3n de las cookies se suele llevar a cabo en el men\u00fa \"Preferencias\" o \"Herramientas\" de cada navegador, en cualquier caso, siempre podr\u00e1 acudir a la ayuda de su navegador para solucionar o solventar las dudas que se le generen al respecto.<\/p>\n<p>Conviene tener en cuenta que, si se impide la instalaci\u00f3n de todas las cookies, el contenido de la web, as\u00ed como determinadas funcionalidades y servicios facilitados por la misma pueden verse afectados.<\/p>\n<p>Informaci\u00f3n sobre la identificaci\u00f3n de qui\u00e9n utiliza las cookies, esto es, si la informaci\u00f3n obtenida por las cookies es tratada s\u00f3lo por el editor y\/o tambi\u00e9n por terceros con los que el editor haya contratado la prestaci\u00f3n de un servicio para el cual se requiera el uso de cookies, con identificaci\u00f3n de estos \u00faltimos.<\/p>\t\t\t\t\t\t\t\t<\/div>\n\t\t\t\t<\/div>\n\t\t\t\t\t<\/div>\n\t\t\t\t<\/div>\n\t\t\t\t<\/div>","protected":false},"excerpt":{"rendered":"<p>Pol\u00edtica de Cookies \u00bfQu\u00e9 son las Cookies? Una cookie es un archivo o dispositivo que se descarga en el equipo terminal de un usuario con la finalidad de almacenar datos que podr\u00e1n ser actualizados y recuperados por la entidad responsable de su instalaci\u00f3n. Es decir, es un fichero que se descarga en su ordenador al [&hellip;]<\/p>\n","protected":false},"author":3,"featured_media":0,"parent":0,"menu_order":0,"comment_status":"closed","ping_status":"closed","template":"","meta":{"site-sidebar-layout":"no-sidebar","site-content-layout":"page-builder","ast-site-content-layout":"full-width-container","site-content-style":"default","site-sidebar-style":"default","ast-global-header-display":"","ast-banner-title-visibility":"","ast-main-header-display":"","ast-hfb-above-header-display":"","ast-hfb-below-header-display":"","ast-hfb-mobile-header-display":"","site-post-title":"disabled","ast-breadcrumbs-content":"","ast-featured-img":"disabled","footer-sml-layout":"","theme-transparent-header-meta":"","adv-header-id-meta":"","stick-header-meta":"","header-above-stick-meta":"","header-main-stick-meta":"","header-below-stick-meta":"","astra-migrate-meta-layouts":"set","ast-page-background-enabled":"default","ast-page-background-meta":{"desktop":{"background-color":"","background-image":"","background-repeat":"repeat","background-position":"center center","background-size":"auto","background-attachment":"scroll","background-type":"","background-media":"","overlay-type":"","overlay-color":"","overlay-opacity":"","overlay-gradient":""},"tablet":{"background-color":"","background-image":"","background-repeat":"repeat","background-position":"center center","background-size":"auto","background-attachment":"scroll","background-type":"","background-media":"","overlay-type":"","overlay-color":"","overlay-opacity":"","overlay-gradient":""},"mobile":{"background-color":"","background-image":"","background-repeat":"repeat","background-position":"center center","background-size":"auto","background-attachment":"scroll","background-type":"","background-media":"","overlay-type":"","overlay-color":"","overlay-opacity":"","overlay-gradient":""}},"ast-content-background-meta":{"desktop":{"background-color":"var(--ast-global-color-5)","background-image":"","background-repeat":"repeat","background-position":"center center","background-size":"auto","background-attachment":"scroll","background-type":"","background-media":"","overlay-type":"","overlay-color":"","overlay-opacity":"","overlay-gradient":""},"tablet":{"background-color":"var(--ast-global-color-5)","background-image":"","background-repeat":"repeat","background-position":"center center","background-size":"auto","background-attachment":"scroll","background-type":"","background-media":"","overlay-type":"","overlay-color":"","overlay-opacity":"","overlay-gradient":""},"mobile":{"background-color":"var(--ast-global-color-5)","background-image":"","background-repeat":"repeat","background-position":"center center","background-size":"auto","background-attachment":"scroll","background-type":"","background-media":"","overlay-type":"","overlay-color":"","overlay-opacity":"","overlay-gradient":""}},"_joinchat":[],"footnotes":""},"class_list":["post-2123","page","type-page","status-publish","hentry"],"_links":{"self":[{"href":"https:\/\/mareabeachmobility.com\/it\/wp-json\/wp\/v2\/pages\/2123","targetHints":{"allow":["GET"]}}],"collection":[{"href":"https:\/\/mareabeachmobility.com\/it\/wp-json\/wp\/v2\/pages"}],"about":[{"href":"https:\/\/mareabeachmobility.com\/it\/wp-json\/wp\/v2\/types\/page"}],"author":[{"embeddable":true,"href":"https:\/\/mareabeachmobility.com\/it\/wp-json\/wp\/v2\/users\/3"}],"replies":[{"embeddable":true,"href":"https:\/\/mareabeachmobility.com\/it\/wp-json\/wp\/v2\/comments?post=2123"}],"version-history":[{"count":4,"href":"https:\/\/mareabeachmobility.com\/it\/wp-json\/wp\/v2\/pages\/2123\/revisions"}],"predecessor-version":[{"id":2127,"href":"https:\/\/mareabeachmobility.com\/it\/wp-json\/wp\/v2\/pages\/2123\/revisions\/2127"}],"wp:attachment":[{"href":"https:\/\/mareabeachmobility.com\/it\/wp-json\/wp\/v2\/media?parent=2123"}],"curies":[{"name":"wp","href":"https:\/\/api.w.org\/{rel}","templated":true}]}}